{"id":945,"date":"2023-12-28T07:59:40","date_gmt":"2023-12-28T07:59:40","guid":{"rendered":"https:\/\/uusi.matkapeura.fi\/?page_id=945"},"modified":"2023-12-28T08:03:33","modified_gmt":"2023-12-28T08:03:33","slug":"alavus-taipalus-alavus-katkanjoki","status":"publish","type":"page","link":"https:\/\/uusi.matkapeura.fi\/index.php\/palvelut\/koulukuljetukset\/alavus-taipalus-alavus-katkanjoki\/","title":{"rendered":"Alavus &#8211; Taipalus , Alavus &#8211; K\u00e4tk\u00e4njoki"},"content":{"rendered":"\t\t<div data-elementor-type=\"wp-page\" data-elementor-id=\"945\" class=\"elementor elementor-945\" data-elementor-post-type=\"page\">\n\t\t\t\t<div class=\"elementor-element elementor-element-89bbc69 e-flex e-con-boxed e-con e-parent\" data-id=\"89bbc69\" data-element_type=\"container\">\n\t\t\t\t\t<div class=\"e-con-inner\">\n\t\t\t\t<div class=\"elementor-element elementor-element-3a3c74f elementor-widget elementor-widget-heading\" data-id=\"3a3c74f\" data-element_type=\"widget\" data-widget_type=\"heading.default\">\n\t\t\t\t<div class=\"elementor-widget-container\">\n\t\t\t\t\t<h2 class=\"elementor-heading-title elementor-size-default\">Alavus-Taipalus, Alavus-K\u00e4tk\u00e4njoki<\/h2>\t\t\t\t<\/div>\n\t\t\t\t<\/div>\n\t\t\t\t<div class=\"elementor-element elementor-element-83eb470 elementor-widget elementor-widget-text-editor\" data-id=\"83eb470\" data-element_type=\"widget\" data-widget_type=\"text-editor.default\">\n\t\t\t\t<div class=\"elementor-widget-container\">\n\t\t\t\t\t\t\t\t\t<p>KOULUP\u00c4IVIN\u00c4 <br \/>Maanantai &#8211; Perjantai <br \/>Voimassa ajalla\u00a08.8.2023 &#8211; 13.10.2023, 23.10.2023 &#8211; 21.12.2023, 8.1.2024 &#8211; 23.2.2024, 4.3.2024 &#8211; 8.5.2024, 13.5.2024 &#8211; 31.5.2024 <\/p>\t\t\t\t\t\t\t\t<\/div>\n\t\t\t\t<\/div>\n\t\t\t\t<div class=\"elementor-element elementor-element-fe62222 elementor-widget elementor-widget-text-editor\" data-id=\"fe62222\" data-element_type=\"widget\" data-widget_type=\"text-editor.default\">\n\t\t\t\t<div class=\"elementor-widget-container\">\n\t\t\t\t\t\t\t\t\t\n<table id=\"tablepress-9\" class=\"tablepress tablepress-id-9\">\n<thead>\n<tr class=\"row-1\">\n\t<th class=\"column-1\">Alavus<\/th><th class=\"column-2\">6.30<\/th><th class=\"column-3\">Alavus <\/th><th class=\"column-4\">8.15<\/th><th class=\"column-5\">Alavus<\/th><th class=\"column-6\">11.50<\/th><th class=\"column-7\">Alavus<\/th><th class=\"column-8\">14.00<\/th><th class=\"column-9\">Alavus<\/th><th class=\"column-10\">14.00<\/th>\n<\/tr>\n<\/thead>\n<tbody class=\"row-striping\">\n<tr class=\"row-2\">\n\t<td class=\"column-1\">Taipalus\u00a0<\/td><td class=\"column-2\">7.30<\/td><td class=\"column-3\">Tuuri<\/td><td class=\"column-4\">8.25<\/td><td class=\"column-5\">Alavus as<\/td><td class=\"column-6\">12.00<\/td><td class=\"column-7\">Taipalus<\/td><td class=\"column-8\">14.20<\/td><td class=\"column-9\">Alavus as<\/td><td class=\"column-10\">14.10<\/td>\n<\/tr>\n<tr class=\"row-3\">\n\t<td class=\"column-1\">Alavus<\/td><td class=\"column-2\">7.50<\/td><td class=\"column-3\">T\u00f6ys\u00e4\u00a0<\/td><td class=\"column-4\">8.35<\/td><td class=\"column-5\">K\u00e4tk\u00e4njoki<\/td><td class=\"column-6\">12.20<\/td><td class=\"column-7\">Alavus<\/td><td class=\"column-8\">15.20<\/td><td class=\"column-9\">K\u00e4tk\u00e4njoki<\/td><td class=\"column-10\">14.30<\/td>\n<\/tr>\n<tr class=\"row-4\">\n\t<td class=\"column-1\"><\/td><td class=\"column-2\"><\/td><td class=\"column-3\">\u00c4ht\u00e4ri<\/td><td class=\"column-4\">8.50<\/td><td class=\"column-5\"><\/td><td class=\"column-6\"><\/td><td class=\"column-7\"><\/td><td class=\"column-8\"><\/td><td class=\"column-9\"><\/td><td class=\"column-10\"><\/td>\n<\/tr>\n<\/tbody>\n<\/table>\n\t\t\t\t\t\t\t\t<\/div>\n\t\t\t\t<\/div>\n\t\t\t\t\t<\/div>\n\t\t\t\t<\/div>\n\t\t\t\t<\/div>\n\t\t","protected":false},"excerpt":{"rendered":"<p>Alavus-Taipalus, Alavus-K\u00e4tk\u00e4njoki KOULUP\u00c4IVIN\u00c4 Maanantai &#8211; Perjantai Voimassa ajalla\u00a08.8.2023 &#8211; 13.10.2023, 23.10.2023 &#8211; 21.12.2023, 8.1.2024 &#8211; 23.2.2024, 4.3.2024 &#8211; 8.5.2024, 13.5.2024 &#8211; 31.5.2024<\/p>\n","protected":false},"author":1,"featured_media":0,"parent":136,"menu_order":0,"comment_status":"closed","ping_status":"closed","template":"","meta":{"site-sidebar-layout":"no-sidebar","site-content-layout":"","ast-site-content-layout":"full-width-container","site-content-style":"default","site-sidebar-style":"default","ast-global-header-display":"","ast-banner-title-visibility":"","ast-main-header-display":"","ast-hfb-above-header-display":"","ast-hfb-below-header-display":"","ast-hfb-mobile-header-display":"","site-post-title":"disabled","ast-breadcrumbs-content":"","ast-featured-img":"disabled","footer-sml-layout":"","theme-transparent-header-meta":"","adv-header-id-meta":"","stick-header-meta":"","header-above-stick-meta":"","header-main-stick-meta":"","header-below-stick-meta":"","astra-migrate-meta-layouts":"default","ast-page-background-enabled":"default","ast-page-background-meta":{"desktop":{"background-color":"var(--ast-global-color-4)","background-image":"","background-repeat":"repeat","background-position":"center center","background-size":"auto","background-attachment":"scroll","background-type":"","background-media":"","overlay-type":"","overlay-color":"","overlay-gradient":""},"tablet":{"background-color":"","background-image":"","background-repeat":"repeat","background-position":"center center","background-size":"auto","background-attachment":"scroll","background-type":"","background-media":"","overlay-type":"","overlay-color":"","overlay-gradient":""},"mobile":{"background-color":"","background-image":"","background-repeat":"repeat","background-position":"center center","background-size":"auto","background-attachment":"scroll","background-type":"","background-media":"","overlay-type":"","overlay-color":"","overlay-gradient":""}},"ast-content-background-meta":{"desktop":{"background-color":"var(--ast-global-color-5)","background-image":"","background-repeat":"repeat","background-position":"center center","background-size":"auto","background-attachment":"scroll","background-type":"","background-media":"","overlay-type":"","overlay-color":"","overlay-gradient":""},"tablet":{"background-color":"var(--ast-global-color-5)","background-image":"","background-repeat":"repeat","background-position":"center center","background-size":"auto","background-attachment":"scroll","background-type":"","background-media":"","overlay-type":"","overlay-color":"","overlay-gradient":""},"mobile":{"background-color":"var(--ast-global-color-5)","background-image":"","background-repeat":"repeat","background-position":"center center","background-size":"auto","background-attachment":"scroll","background-type":"","background-media":"","overlay-type":"","overlay-color":"","overlay-gradient":""}},"footnotes":""},"_links":{"self":[{"href":"https:\/\/uusi.matkapeura.fi\/index.php\/wp-json\/wp\/v2\/pages\/945"}],"collection":[{"href":"https:\/\/uusi.matkapeura.fi\/index.php\/wp-json\/wp\/v2\/pages"}],"about":[{"href":"https:\/\/uusi.matkapeura.fi\/index.php\/wp-json\/wp\/v2\/types\/page"}],"author":[{"embeddable":true,"href":"https:\/\/uusi.matkapeura.fi\/index.php\/wp-json\/wp\/v2\/users\/1"}],"replies":[{"embeddable":true,"href":"https:\/\/uusi.matkapeura.fi\/index.php\/wp-json\/wp\/v2\/comments?post=945"}],"version-history":[{"count":13,"href":"https:\/\/uusi.matkapeura.fi\/index.php\/wp-json\/wp\/v2\/pages\/945\/revisions"}],"predecessor-version":[{"id":961,"href":"https:\/\/uusi.matkapeura.fi\/index.php\/wp-json\/wp\/v2\/pages\/945\/revisions\/961"}],"up":[{"embeddable":true,"href":"https:\/\/uusi.matkapeura.fi\/index.php\/wp-json\/wp\/v2\/pages\/136"}],"wp:attachment":[{"href":"https:\/\/uusi.matkapeura.fi\/index.php\/wp-json\/wp\/v2\/media?parent=945"}],"curies":[{"name":"wp","href":"https:\/\/api.w.org\/{rel}","templated":true}]}}