{"id":917,"date":"2023-12-27T18:57:47","date_gmt":"2023-12-27T18:57:47","guid":{"rendered":"https:\/\/uusi.matkapeura.fi\/?page_id=917"},"modified":"2023-12-27T19:02:26","modified_gmt":"2023-12-27T19:02:26","slug":"ahtari-alavus-ahtari","status":"publish","type":"page","link":"https:\/\/uusi.matkapeura.fi\/index.php\/palvelut\/koulukuljetukset\/ahtari-alavus-ahtari\/","title":{"rendered":"\u00c4ht\u00e4ri-Alavus-\u00c4ht\u00e4ri"},"content":{"rendered":"\t\t<div data-elementor-type=\"wp-page\" data-elementor-id=\"917\" class=\"elementor elementor-917\" data-elementor-post-type=\"page\">\n\t\t\t\t<div class=\"elementor-element elementor-element-53f7f08 e-flex e-con-boxed e-con e-parent\" data-id=\"53f7f08\" data-element_type=\"container\">\n\t\t\t\t\t<div class=\"e-con-inner\">\n\t\t\t\t<div class=\"elementor-element elementor-element-df488e2 elementor-widget elementor-widget-heading\" data-id=\"df488e2\" data-element_type=\"widget\" data-widget_type=\"heading.default\">\n\t\t\t\t<div class=\"elementor-widget-container\">\n\t\t\t\t\t<h2 class=\"elementor-heading-title elementor-size-default\">\u00c4ht\u00e4ri-Alavus-\u00c4ht\u00e4ri<\/h2>\t\t\t\t<\/div>\n\t\t\t\t<\/div>\n\t\t\t\t\t<\/div>\n\t\t\t\t<\/div>\n\t\t<div class=\"elementor-element elementor-element-5daf6cb e-flex e-con-boxed e-con e-parent\" data-id=\"5daf6cb\" data-element_type=\"container\">\n\t\t\t\t\t<div class=\"e-con-inner\">\n\t\t\t\t<div class=\"elementor-element elementor-element-00fd710 elementor-widget elementor-widget-text-editor\" data-id=\"00fd710\" data-element_type=\"widget\" data-widget_type=\"text-editor.default\">\n\t\t\t\t<div class=\"elementor-widget-container\">\n\t\t\t\t\t\t\t\t\t<p>KOULUP\u00c4IVIN\u00c4 <br \/>Maanantai &#8211; Perjantai <br \/>Voimassa ajalla 2.8.2023 &#8211; 13.10.2023, 23.10.2023 &#8211; 21.12.2023, 8.1.2024 &#8211; 23.2.2024, 4.3.2024 &#8211; 31.5.2024 <\/p>\t\t\t\t\t\t\t\t<\/div>\n\t\t\t\t<\/div>\n\t\t\t\t\t<\/div>\n\t\t\t\t<\/div>\n\t\t<div class=\"elementor-element elementor-element-24961c2 e-flex e-con-boxed e-con e-parent\" data-id=\"24961c2\" data-element_type=\"container\">\n\t\t\t\t\t<div class=\"e-con-inner\">\n\t\t\t\t<div class=\"elementor-element elementor-element-5b56789 elementor-widget elementor-widget-text-editor\" data-id=\"5b56789\" data-element_type=\"widget\" data-widget_type=\"text-editor.default\">\n\t\t\t\t<div class=\"elementor-widget-container\">\n\t\t\t\t\t\t\t\t\t\n<table id=\"tablepress-7\" class=\"tablepress tablepress-id-7\">\n<thead>\n<tr class=\"row-1\">\n\t<th class=\"column-1\">\u00c4ht\u00e4ri<\/th><th class=\"column-2\">7.00<\/th><th class=\"column-3\">Ranta-ahontie<\/th><th class=\"column-4\">8.15<\/th><th class=\"column-5\">Alavus<\/th><th class=\"column-6\">9.15<\/th><th class=\"column-7\">\u00c4ht\u00e4ri Zoo<\/th><th class=\"column-8\">13.00<\/th><th class=\"column-9\">Alavus<\/th><th class=\"column-10\">14.00<\/th><th class=\"column-11\">\u00c4ht\u00e4ri Zoo<\/th><th class=\"column-12\">14.50<\/th><th class=\"column-13\">Alavus<\/th><th class=\"column-14\">15.30<\/th>\n<\/tr>\n<\/thead>\n<tbody class=\"row-striping\">\n<tr class=\"row-2\">\n\t<td class=\"column-1\">Hakoj\u00e4rvi<\/td><td class=\"column-2\">7.09<\/td><td class=\"column-3\">T\u00f6ys\u00e4<\/td><td class=\"column-4\">8.40<\/td><td class=\"column-5\">Tuuri<\/td><td class=\"column-6\">9.25<\/td><td class=\"column-7\">Tuomarniemi th<\/td><td class=\"column-8\">13.02<\/td><td class=\"column-9\">Tuuri<\/td><td class=\"column-10\">14.10<\/td><td class=\"column-11\">Tuomarniemi th<\/td><td class=\"column-12\">14.52<\/td><td class=\"column-13\">Tuuri<\/td><td class=\"column-14\">15.35<\/td>\n<\/tr>\n<tr class=\"row-3\">\n\t<td class=\"column-1\">T\u00f6ys\u00e4<\/td><td class=\"column-2\">7.20<\/td><td class=\"column-3\">Alavus\u00a0<\/td><td class=\"column-4\">9.00<\/td><td class=\"column-5\">T\u00f6ys\u00e4<\/td><td class=\"column-6\">9.30<\/td><td class=\"column-7\">\u00c4ht\u00e4ri\u00a0<\/td><td class=\"column-8\">13.06<\/td><td class=\"column-9\">T\u00f6ys\u00e4<\/td><td class=\"column-10\">14.15<\/td><td class=\"column-11\">\u00c4ht\u00e4ri<\/td><td class=\"column-12\">15.00<\/td><td class=\"column-13\">T\u00f6ys\u00e4<\/td><td class=\"column-14\">15.41<\/td>\n<\/tr>\n<tr class=\"row-4\">\n\t<td class=\"column-1\">Tuuri<\/td><td class=\"column-2\">7.25<\/td><td class=\"column-3\"><\/td><td class=\"column-4\"><\/td><td class=\"column-5\">Hakoj\u00e4rvi<\/td><td class=\"column-6\">9.34<\/td><td class=\"column-7\">T\u00f6ys\u00e4<\/td><td class=\"column-8\">13.22<\/td><td class=\"column-9\">Hakoj\u00e4rvi<\/td><td class=\"column-10\">14.19<\/td><td class=\"column-11\">T\u00f6ys\u00e4<\/td><td class=\"column-12\">15.15<\/td><td class=\"column-13\">Hakoj\u00e4rvi<\/td><td class=\"column-14\">15.45<\/td>\n<\/tr>\n<tr class=\"row-5\">\n\t<td class=\"column-1\">Alavus as<\/td><td class=\"column-2\">7.35<\/td><td class=\"column-3\"><\/td><td class=\"column-4\"><\/td><td class=\"column-5\">\u00c4ht\u00e4ri<\/td><td class=\"column-6\">9.50<\/td><td class=\"column-7\">Tuuri<\/td><td class=\"column-8\">13.28<\/td><td class=\"column-9\">\u00c4ht\u00e4ri<\/td><td class=\"column-10\">14.35<\/td><td class=\"column-11\">Tuuri<\/td><td class=\"column-12\">15.22<\/td><td class=\"column-13\">\u00c4ht\u00e4ri<\/td><td class=\"column-14\">16.00<\/td>\n<\/tr>\n<tr class=\"row-6\">\n\t<td class=\"column-1\">Alavus<\/td><td class=\"column-2\">7.45<\/td><td class=\"column-3\"><\/td><td class=\"column-4\"><\/td><td class=\"column-5\">\u00c4ht\u00e4ri Zoo (T)<\/td><td class=\"column-6\">10.00<\/td><td class=\"column-7\">Alavus<\/td><td class=\"column-8\">13.45<\/td><td class=\"column-9\">\u00c4ht\u00e4ri Zoo (T)<\/td><td class=\"column-10\">14.45<\/td><td class=\"column-11\">Alavus<\/td><td class=\"column-12\">15.39<\/td><td class=\"column-13\"><\/td><td class=\"column-14\"><\/td>\n<\/tr>\n<\/tbody>\n<\/table>\n\t\t\t\t\t\t\t\t<\/div>\n\t\t\t\t<\/div>\n\t\t\t\t\t<\/div>\n\t\t\t\t<\/div>\n\t\t\t\t<\/div>\n\t\t","protected":false},"excerpt":{"rendered":"<p>\u00c4ht\u00e4ri-Alavus-\u00c4ht\u00e4ri KOULUP\u00c4IVIN\u00c4 Maanantai &#8211; Perjantai Voimassa ajalla 2.8.2023 &#8211; 13.10.2023, 23.10.2023 &#8211; 21.12.2023, 8.1.2024 &#8211; 23.2.2024, 4.3.2024 &#8211; 31.5.2024<\/p>\n","protected":false},"author":1,"featured_media":0,"parent":136,"menu_order":0,"comment_status":"closed","ping_status":"closed","template":"","meta":{"site-sidebar-layout":"no-sidebar","site-content-layout":"","ast-site-content-layout":"full-width-container","site-content-style":"default","site-sidebar-style":"default","ast-global-header-display":"","ast-banner-title-visibility":"","ast-main-header-display":"","ast-hfb-above-header-display":"","ast-hfb-below-header-display":"","ast-hfb-mobile-header-display":"","site-post-title":"disabled","ast-breadcrumbs-content":"","ast-featured-img":"disabled","footer-sml-layout":"","theme-transparent-header-meta":"","adv-header-id-meta":"","stick-header-meta":"","header-above-stick-meta":"","header-main-stick-meta":"","header-below-stick-meta":"","astra-migrate-meta-layouts":"default","ast-page-background-enabled":"default","ast-page-background-meta":{"desktop":{"background-color":"var(--ast-global-color-4)","background-image":"","background-repeat":"repeat","background-position":"center center","background-size":"auto","background-attachment":"scroll","background-type":"","background-media":"","overlay-type":"","overlay-color":"","overlay-gradient":""},"tablet":{"background-color":"","background-image":"","background-repeat":"repeat","background-position":"center center","background-size":"auto","background-attachment":"scroll","background-type":"","background-media":"","overlay-type":"","overlay-color":"","overlay-gradient":""},"mobile":{"background-color":"","background-image":"","background-repeat":"repeat","background-position":"center center","background-size":"auto","background-attachment":"scroll","background-type":"","background-media":"","overlay-type":"","overlay-color":"","overlay-gradient":""}},"ast-content-background-meta":{"desktop":{"background-color":"var(--ast-global-color-5)","background-image":"","background-repeat":"repeat","background-position":"center center","background-size":"auto","background-attachment":"scroll","background-type":"","background-media":"","overlay-type":"","overlay-color":"","overlay-gradient":""},"tablet":{"background-color":"var(--ast-global-color-5)","background-image":"","background-repeat":"repeat","background-position":"center center","background-size":"auto","background-attachment":"scroll","background-type":"","background-media":"","overlay-type":"","overlay-color":"","overlay-gradient":""},"mobile":{"background-color":"var(--ast-global-color-5)","background-image":"","background-repeat":"repeat","background-position":"center center","background-size":"auto","background-attachment":"scroll","background-type":"","background-media":"","overlay-type":"","overlay-color":"","overlay-gradient":""}},"footnotes":""},"_links":{"self":[{"href":"https:\/\/uusi.matkapeura.fi\/index.php\/wp-json\/wp\/v2\/pages\/917"}],"collection":[{"href":"https:\/\/uusi.matkapeura.fi\/index.php\/wp-json\/wp\/v2\/pages"}],"about":[{"href":"https:\/\/uusi.matkapeura.fi\/index.php\/wp-json\/wp\/v2\/types\/page"}],"author":[{"embeddable":true,"href":"https:\/\/uusi.matkapeura.fi\/index.php\/wp-json\/wp\/v2\/users\/1"}],"replies":[{"embeddable":true,"href":"https:\/\/uusi.matkapeura.fi\/index.php\/wp-json\/wp\/v2\/comments?post=917"}],"version-history":[{"count":7,"href":"https:\/\/uusi.matkapeura.fi\/index.php\/wp-json\/wp\/v2\/pages\/917\/revisions"}],"predecessor-version":[{"id":927,"href":"https:\/\/uusi.matkapeura.fi\/index.php\/wp-json\/wp\/v2\/pages\/917\/revisions\/927"}],"up":[{"embeddable":true,"href":"https:\/\/uusi.matkapeura.fi\/index.php\/wp-json\/wp\/v2\/pages\/136"}],"wp:attachment":[{"href":"https:\/\/uusi.matkapeura.fi\/index.php\/wp-json\/wp\/v2\/media?parent=917"}],"curies":[{"name":"wp","href":"https:\/\/api.w.org\/{rel}","templated":true}]}}