{"id":886,"date":"2023-12-27T10:37:15","date_gmt":"2023-12-27T10:37:15","guid":{"rendered":"https:\/\/uusi.matkapeura.fi\/?page_id=886"},"modified":"2023-12-27T10:42:51","modified_gmt":"2023-12-27T10:42:51","slug":"keskikylan-kukonkylan-ahtarinrannan-suunta","status":"publish","type":"page","link":"https:\/\/uusi.matkapeura.fi\/index.php\/palvelut\/koulukuljetukset\/keskikylan-kukonkylan-ahtarinrannan-suunta\/","title":{"rendered":"Keskikyl\u00e4n \/ Kukonkyl\u00e4n \/ \u00c4ht\u00e4rinrannan suunta"},"content":{"rendered":"\t\t<div data-elementor-type=\"wp-page\" data-elementor-id=\"886\" class=\"elementor elementor-886\" data-elementor-post-type=\"page\">\n\t\t\t\t<div class=\"elementor-element elementor-element-aad8350 e-flex e-con-boxed e-con e-parent\" data-id=\"aad8350\" data-element_type=\"container\">\n\t\t\t\t\t<div class=\"e-con-inner\">\n\t\t\t\t<div class=\"elementor-element elementor-element-ccf7af4 elementor-widget elementor-widget-heading\" data-id=\"ccf7af4\" data-element_type=\"widget\" data-widget_type=\"heading.default\">\n\t\t\t\t<div class=\"elementor-widget-container\">\n\t\t\t\t\t<h2 class=\"elementor-heading-title elementor-size-default\">Keskikyl\u00e4n-Kukonkyl\u00e4n-\u00c4ht\u00e4rinrannan suunta<\/h2>\t\t\t\t<\/div>\n\t\t\t\t<\/div>\n\t\t\t\t\t<\/div>\n\t\t\t\t<\/div>\n\t\t<div class=\"elementor-element elementor-element-8474fd0 e-flex e-con-boxed e-con e-parent\" data-id=\"8474fd0\" data-element_type=\"container\">\n\t\t\t\t\t<div class=\"e-con-inner\">\n\t\t\t\t<div class=\"elementor-element elementor-element-1dcd611 elementor-widget elementor-widget-text-editor\" data-id=\"1dcd611\" data-element_type=\"widget\" data-widget_type=\"text-editor.default\">\n\t\t\t\t<div class=\"elementor-widget-container\">\n\t\t\t\t\t\t\t\t\t<p>KOULUP\u00c4IVIN\u00c4 <br \/>Maanantai &#8211; Perjantai <br \/>Voimassa ajalla 23.10.2023 &#8211; 21.12.2023, 8.1.2024 &#8211; 23.2.2024, 4.3.2024 &#8211; 8.5.2024, 13.5.2024 &#8211; 31.5.2024 <br \/>Keskikyl\u00e4n \/ Kukonkyl\u00e4n \/ \u00c4ht\u00e4rinrannan suunta <\/p>\t\t\t\t\t\t\t\t<\/div>\n\t\t\t\t<\/div>\n\t\t\t\t\t<\/div>\n\t\t\t\t<\/div>\n\t\t<div class=\"elementor-element elementor-element-e419fcd e-flex e-con-boxed e-con e-parent\" data-id=\"e419fcd\" data-element_type=\"container\">\n\t\t\t\t\t<div class=\"e-con-inner\">\n\t\t\t\t<div class=\"elementor-element elementor-element-1e7789d elementor-widget elementor-widget-text-editor\" data-id=\"1e7789d\" data-element_type=\"widget\" data-widget_type=\"text-editor.default\">\n\t\t\t\t<div class=\"elementor-widget-container\">\n\t\t\t\t\t\t\t\t\t\n<table id=\"tablepress-5\" class=\"tablepress tablepress-id-5\">\n<thead>\n<tr class=\"row-1\">\n\t<th class=\"column-1\">Luosankyl\u00e4<\/th><th class=\"column-2\">7.50<\/th><th class=\"column-3\">\u00c4ht\u00e4ri koulut<\/th><th class=\"column-4\">13.05<\/th><th class=\"column-5\">\u00c4ht\u00e4ri koulut<\/th><th class=\"column-6\">15.05<\/th>\n<\/tr>\n<\/thead>\n<tbody class=\"row-striping\">\n<tr class=\"row-2\">\n\t<td class=\"column-1\">Kynt\u00f6l\u00e4ntie<\/td><td class=\"column-2\">8.05<\/td><td class=\"column-3\">Lehtim\u00e4entie<\/td><td class=\"column-4\"><\/td><td class=\"column-5\">Lehtim\u00e4entie<\/td><td class=\"column-6\"><\/td>\n<\/tr>\n<tr class=\"row-3\">\n\t<td class=\"column-1\">Toikonniementie<\/td><td class=\"column-2\">8.12<\/td><td class=\"column-3\">Nyyss\u00f6l\u00e4ntie <\/td><td class=\"column-4\">T<\/td><td class=\"column-5\">Nyyss\u00f6l\u00e4ntie<\/td><td class=\"column-6\">T<\/td>\n<\/tr>\n<tr class=\"row-4\">\n\t<td class=\"column-1\">Majanniementie <\/td><td class=\"column-2\">8.23<\/td><td class=\"column-3\">Majanniementie<\/td><td class=\"column-4\"><\/td><td class=\"column-5\">Majanniementie<\/td><td class=\"column-6\"><\/td>\n<\/tr>\n<tr class=\"row-5\">\n\t<td class=\"column-1\">Nyyss\u00f6l\u00e4ntie <\/td><td class=\"column-2\">T<\/td><td class=\"column-3\">Toikonniementie<\/td><td class=\"column-4\"><\/td><td class=\"column-5\">Toikonniementie<\/td><td class=\"column-6\"><\/td>\n<\/tr>\n<tr class=\"row-6\">\n\t<td class=\"column-1\">Lehtim\u00e4entie <\/td><td class=\"column-2\">8.30<\/td><td class=\"column-3\">Kynt\u00f6l\u00e4ntie<\/td><td class=\"column-4\"><\/td><td class=\"column-5\">Kynt\u00f6l\u00e4ntie<\/td><td class=\"column-6\"><\/td>\n<\/tr>\n<tr class=\"row-7\">\n\t<td class=\"column-1\">\u00c4ht\u00e4ri koulut <\/td><td class=\"column-2\">8.40<\/td><td class=\"column-3\">Luosankyl\u00e4<\/td><td class=\"column-4\"><\/td><td class=\"column-5\">Luosankyl\u00e4 <\/td><td class=\"column-6\"><\/td>\n<\/tr>\n<tr class=\"row-8\">\n\t<td class=\"column-1\">T = tarvittaessa paikkakunnan kautta <\/td><td class=\"column-2\"><\/td><td class=\"column-3\"><\/td><td class=\"column-4\"><\/td><td class=\"column-5\"><\/td><td class=\"column-6\"><\/td>\n<\/tr>\n<\/tbody>\n<\/table>\n\t\t\t\t\t\t\t\t<\/div>\n\t\t\t\t<\/div>\n\t\t\t\t\t<\/div>\n\t\t\t\t<\/div>\n\t\t\t\t<\/div>\n\t\t","protected":false},"excerpt":{"rendered":"<p>Keskikyl\u00e4n-Kukonkyl\u00e4n-\u00c4ht\u00e4rinrannan suunta KOULUP\u00c4IVIN\u00c4 Maanantai &#8211; Perjantai Voimassa ajalla 23.10.2023 &#8211; 21.12.2023, 8.1.2024 &#8211; 23.2.2024, 4.3.2024 &#8211; 8.5.2024, 13.5.2024 &#8211; 31.5.2024 Keskikyl\u00e4n \/ Kukonkyl\u00e4n \/ \u00c4ht\u00e4rinrannan suunta<\/p>\n","protected":false},"author":1,"featured_media":0,"parent":136,"menu_order":0,"comment_status":"closed","ping_status":"closed","template":"","meta":{"site-sidebar-layout":"no-sidebar","site-content-layout":"","ast-site-content-layout":"full-width-container","site-content-style":"default","site-sidebar-style":"default","ast-global-header-display":"","ast-banner-title-visibility":"","ast-main-header-display":"","ast-hfb-above-header-display":"","ast-hfb-below-header-display":"","ast-hfb-mobile-header-display":"","site-post-title":"disabled","ast-breadcrumbs-content":"","ast-featured-img":"disabled","footer-sml-layout":"","theme-transparent-header-meta":"","adv-header-id-meta":"","stick-header-meta":"","header-above-stick-meta":"","header-main-stick-meta":"","header-below-stick-meta":"","astra-migrate-meta-layouts":"default","ast-page-background-enabled":"default","ast-page-background-meta":{"desktop":{"background-color":"var(--ast-global-color-4)","background-image":"","background-repeat":"repeat","background-position":"center center","background-size":"auto","background-attachment":"scroll","background-type":"","background-media":"","overlay-type":"","overlay-color":"","overlay-gradient":""},"tablet":{"background-color":"","background-image":"","background-repeat":"repeat","background-position":"center center","background-size":"auto","background-attachment":"scroll","background-type":"","background-media":"","overlay-type":"","overlay-color":"","overlay-gradient":""},"mobile":{"background-color":"","background-image":"","background-repeat":"repeat","background-position":"center center","background-size":"auto","background-attachment":"scroll","background-type":"","background-media":"","overlay-type":"","overlay-color":"","overlay-gradient":""}},"ast-content-background-meta":{"desktop":{"background-color":"var(--ast-global-color-5)","background-image":"","background-repeat":"repeat","background-position":"center center","background-size":"auto","background-attachment":"scroll","background-type":"","background-media":"","overlay-type":"","overlay-color":"","overlay-gradient":""},"tablet":{"background-color":"var(--ast-global-color-5)","background-image":"","background-repeat":"repeat","background-position":"center center","background-size":"auto","background-attachment":"scroll","background-type":"","background-media":"","overlay-type":"","overlay-color":"","overlay-gradient":""},"mobile":{"background-color":"var(--ast-global-color-5)","background-image":"","background-repeat":"repeat","background-position":"center center","background-size":"auto","background-attachment":"scroll","background-type":"","background-media":"","overlay-type":"","overlay-color":"","overlay-gradient":""}},"footnotes":""},"_links":{"self":[{"href":"https:\/\/uusi.matkapeura.fi\/index.php\/wp-json\/wp\/v2\/pages\/886"}],"collection":[{"href":"https:\/\/uusi.matkapeura.fi\/index.php\/wp-json\/wp\/v2\/pages"}],"about":[{"href":"https:\/\/uusi.matkapeura.fi\/index.php\/wp-json\/wp\/v2\/types\/page"}],"author":[{"embeddable":true,"href":"https:\/\/uusi.matkapeura.fi\/index.php\/wp-json\/wp\/v2\/users\/1"}],"replies":[{"embeddable":true,"href":"https:\/\/uusi.matkapeura.fi\/index.php\/wp-json\/wp\/v2\/comments?post=886"}],"version-history":[{"count":13,"href":"https:\/\/uusi.matkapeura.fi\/index.php\/wp-json\/wp\/v2\/pages\/886\/revisions"}],"predecessor-version":[{"id":903,"href":"https:\/\/uusi.matkapeura.fi\/index.php\/wp-json\/wp\/v2\/pages\/886\/revisions\/903"}],"up":[{"embeddable":true,"href":"https:\/\/uusi.matkapeura.fi\/index.php\/wp-json\/wp\/v2\/pages\/136"}],"wp:attachment":[{"href":"https:\/\/uusi.matkapeura.fi\/index.php\/wp-json\/wp\/v2\/media?parent=886"}],"curies":[{"name":"wp","href":"https:\/\/api.w.org\/{rel}","templated":true}]}}