{"id":785,"date":"2023-12-22T08:08:00","date_gmt":"2023-12-22T08:08:00","guid":{"rendered":"https:\/\/uusi.matkapeura.fi\/?page_id=785"},"modified":"2023-12-22T08:16:45","modified_gmt":"2023-12-22T08:16:45","slug":"keskikylan-ahtarinrannan-ita-ahtarin-suunta","status":"publish","type":"page","link":"https:\/\/uusi.matkapeura.fi\/index.php\/palvelut\/koulukuljetukset\/keskikylan-ahtarinrannan-ita-ahtarin-suunta\/","title":{"rendered":"Keskikyl\u00e4n\/\u00c4ht\u00e4rinrannan\/It\u00e4-\u00c4ht\u00e4rin suunta"},"content":{"rendered":"\t\t<div data-elementor-type=\"wp-page\" data-elementor-id=\"785\" class=\"elementor elementor-785\" data-elementor-post-type=\"page\">\n\t\t\t\t<div class=\"elementor-element elementor-element-7b2410a e-flex e-con-boxed e-con e-parent\" data-id=\"7b2410a\" data-element_type=\"container\">\n\t\t\t\t\t<div class=\"e-con-inner\">\n\t\t\t\t<div class=\"elementor-element elementor-element-85a800c elementor-widget elementor-widget-heading\" data-id=\"85a800c\" data-element_type=\"widget\" data-widget_type=\"heading.default\">\n\t\t\t\t<div class=\"elementor-widget-container\">\n\t\t\t\t\t<h2 class=\"elementor-heading-title elementor-size-default\">Keskikyl\u00e4n \/ \u00c4ht\u00e4rinrannan \/ It\u00e4-\u00c4ht\u00e4rin suunta\t\t\t\n<\/h2>\t\t\t\t<\/div>\n\t\t\t\t<\/div>\n\t\t\t\t\t<\/div>\n\t\t\t\t<\/div>\n\t\t<div class=\"elementor-element elementor-element-e6a23a5 e-flex e-con-boxed e-con e-parent\" data-id=\"e6a23a5\" data-element_type=\"container\">\n\t\t\t\t\t<div class=\"e-con-inner\">\n\t\t\t\t<div class=\"elementor-element elementor-element-311c31e elementor-widget elementor-widget-text-editor\" data-id=\"311c31e\" data-element_type=\"widget\" data-widget_type=\"text-editor.default\">\n\t\t\t\t<div class=\"elementor-widget-container\">\n\t\t\t\t\t\t\t\t\t<p><strong>Koulup\u00e4ivin\u00e4<\/strong><\/p><p>Maanantai &#8211; Perjantai <br \/>Voimassa ajalla 23.10.2023 &#8211; 21.12.2023, 8.1.2024 &#8211; 23.2.2024, 4.3.2024 &#8211; 8.5.2024, 13.5.2024 &#8211; 31.5.2024 <br \/>Keskikyl\u00e4n \/ \u00c4ht\u00e4rinrannan \/ It\u00e4-\u00c4ht\u00e4rin suunta<\/p>\t\t\t\t\t\t\t\t<\/div>\n\t\t\t\t<\/div>\n\t\t\t\t\t<\/div>\n\t\t\t\t<\/div>\n\t\t<div class=\"elementor-element elementor-element-1576c95 e-flex e-con-boxed e-con e-parent\" data-id=\"1576c95\" data-element_type=\"container\">\n\t\t\t\t\t<div class=\"e-con-inner\">\n\t\t\t\t<div class=\"elementor-element elementor-element-6c90a28 elementor-widget elementor-widget-text-editor\" data-id=\"6c90a28\" data-element_type=\"widget\" data-widget_type=\"text-editor.default\">\n\t\t\t\t<div class=\"elementor-widget-container\">\n\t\t\t\t\t\t\t\t\t\n<table id=\"tablepress-2\" class=\"tablepress tablepress-id-2\">\n<thead>\n<tr class=\"row-1\">\n\t<th class=\"column-1\">Keskikyl\u00e4<\/th><th class=\"column-2\">7.00<\/th><th class=\"column-3\">Keskikyl\u00e4 <\/th><th class=\"column-4\">8.00<\/th><th class=\"column-5\">\u00c4ht\u00e4ri koulut<\/th><th class=\"column-6\">15.05<\/th><th class=\"column-7\">\u00c4ht\u00e4ri<\/th><th class=\"column-8\">\u00a015.00\u00a0<\/th>\n<\/tr>\n<\/thead>\n<tbody class=\"row-striping row-hover\">\n<tr class=\"row-2\">\n\t<td class=\"column-1\">Kukonkyl\u00e4<\/td><td class=\"column-2\">7.12<\/td><td class=\"column-3\">\u00c4ht\u00e4rinranta<\/td><td class=\"column-4\">8.20<\/td><td class=\"column-5\">Kaukolantie<\/td><td class=\"column-6\">15.25<\/td><td class=\"column-7\">\u00c4ht\u00e4rinranta<\/td><td class=\"column-8\">\u00a015.20<\/td>\n<\/tr>\n<tr class=\"row-3\">\n\t<td class=\"column-1\"><\/td><td class=\"column-2\"><\/td><td class=\"column-3\">\u00c4ht\u00e4ri koulut<\/td><td class=\"column-4\">8.45<\/td><td class=\"column-5\">It\u00e4-\u00c4ht\u00e4ri<\/td><td class=\"column-6\">16.00<\/td><td class=\"column-7\">Keskikyl\u00e4 <\/td><td class=\"column-8\">\u00a015.40<\/td>\n<\/tr>\n<\/tbody>\n<\/table>\n\t\t\t\t\t\t\t\t<\/div>\n\t\t\t\t<\/div>\n\t\t\t\t\t<\/div>\n\t\t\t\t<\/div>\n\t\t<div class=\"elementor-element elementor-element-2b6f234 e-flex e-con-boxed e-con e-parent\" data-id=\"2b6f234\" data-element_type=\"container\">\n\t\t\t\t\t<div class=\"e-con-inner\">\n\t\t\t\t\t<\/div>\n\t\t\t\t<\/div>\n\t\t\t\t<\/div>\n\t\t","protected":false},"excerpt":{"rendered":"<p>Keskikyl\u00e4n \/ \u00c4ht\u00e4rinrannan \/ It\u00e4-\u00c4ht\u00e4rin suunta Koulup\u00e4ivin\u00e4 Maanantai &#8211; Perjantai Voimassa ajalla 23.10.2023 &#8211; 21.12.2023, 8.1.2024 &#8211; 23.2.2024, 4.3.2024 &#8211; 8.5.2024, 13.5.2024 &#8211; 31.5.2024 Keskikyl\u00e4n \/ \u00c4ht\u00e4rinrannan \/ It\u00e4-\u00c4ht\u00e4rin suunta<\/p>\n","protected":false},"author":1,"featured_media":0,"parent":136,"menu_order":0,"comment_status":"closed","ping_status":"closed","template":"","meta":{"site-sidebar-layout":"no-sidebar","site-content-layout":"","ast-site-content-layout":"full-width-container","site-content-style":"default","site-sidebar-style":"default","ast-global-header-display":"","ast-banner-title-visibility":"","ast-main-header-display":"","ast-hfb-above-header-display":"","ast-hfb-below-header-display":"","ast-hfb-mobile-header-display":"","site-post-title":"disabled","ast-breadcrumbs-content":"","ast-featured-img":"disabled","footer-sml-layout":"","theme-transparent-header-meta":"","adv-header-id-meta":"","stick-header-meta":"","header-above-stick-meta":"","header-main-stick-meta":"","header-below-stick-meta":"","astra-migrate-meta-layouts":"default","ast-page-background-enabled":"default","ast-page-background-meta":{"desktop":{"background-color":"var(--ast-global-color-4)","background-image":"","background-repeat":"repeat","background-position":"center center","background-size":"auto","background-attachment":"scroll","background-type":"","background-media":"","overlay-type":"","overlay-color":"","overlay-gradient":""},"tablet":{"background-color":"","background-image":"","background-repeat":"repeat","background-position":"center center","background-size":"auto","background-attachment":"scroll","background-type":"","background-media":"","overlay-type":"","overlay-color":"","overlay-gradient":""},"mobile":{"background-color":"","background-image":"","background-repeat":"repeat","background-position":"center center","background-size":"auto","background-attachment":"scroll","background-type":"","background-media":"","overlay-type":"","overlay-color":"","overlay-gradient":""}},"ast-content-background-meta":{"desktop":{"background-color":"var(--ast-global-color-5)","background-image":"","background-repeat":"repeat","background-position":"center center","background-size":"auto","background-attachment":"scroll","background-type":"","background-media":"","overlay-type":"","overlay-color":"","overlay-gradient":""},"tablet":{"background-color":"var(--ast-global-color-5)","background-image":"","background-repeat":"repeat","background-position":"center center","background-size":"auto","background-attachment":"scroll","background-type":"","background-media":"","overlay-type":"","overlay-color":"","overlay-gradient":""},"mobile":{"background-color":"var(--ast-global-color-5)","background-image":"","background-repeat":"repeat","background-position":"center center","background-size":"auto","background-attachment":"scroll","background-type":"","background-media":"","overlay-type":"","overlay-color":"","overlay-gradient":""}},"footnotes":""},"_links":{"self":[{"href":"https:\/\/uusi.matkapeura.fi\/index.php\/wp-json\/wp\/v2\/pages\/785"}],"collection":[{"href":"https:\/\/uusi.matkapeura.fi\/index.php\/wp-json\/wp\/v2\/pages"}],"about":[{"href":"https:\/\/uusi.matkapeura.fi\/index.php\/wp-json\/wp\/v2\/types\/page"}],"author":[{"embeddable":true,"href":"https:\/\/uusi.matkapeura.fi\/index.php\/wp-json\/wp\/v2\/users\/1"}],"replies":[{"embeddable":true,"href":"https:\/\/uusi.matkapeura.fi\/index.php\/wp-json\/wp\/v2\/comments?post=785"}],"version-history":[{"count":13,"href":"https:\/\/uusi.matkapeura.fi\/index.php\/wp-json\/wp\/v2\/pages\/785\/revisions"}],"predecessor-version":[{"id":802,"href":"https:\/\/uusi.matkapeura.fi\/index.php\/wp-json\/wp\/v2\/pages\/785\/revisions\/802"}],"up":[{"embeddable":true,"href":"https:\/\/uusi.matkapeura.fi\/index.php\/wp-json\/wp\/v2\/pages\/136"}],"wp:attachment":[{"href":"https:\/\/uusi.matkapeura.fi\/index.php\/wp-json\/wp\/v2\/media?parent=785"}],"curies":[{"name":"wp","href":"https:\/\/api.w.org\/{rel}","templated":true}]}}