{"id":760,"date":"2023-12-22T07:06:05","date_gmt":"2023-12-22T07:06:05","guid":{"rendered":"https:\/\/uusi.matkapeura.fi\/?page_id=760"},"modified":"2023-12-22T08:17:12","modified_gmt":"2023-12-22T08:17:12","slug":"inhankosken-pihlajaveden-suunta","status":"publish","type":"page","link":"https:\/\/uusi.matkapeura.fi\/index.php\/palvelut\/koulukuljetukset\/inhankosken-pihlajaveden-suunta\/","title":{"rendered":"Inhankosken\/Pihlajaveden suunta"},"content":{"rendered":"\t\t<div data-elementor-type=\"wp-page\" data-elementor-id=\"760\" class=\"elementor elementor-760\" data-elementor-post-type=\"page\">\n\t\t\t\t<div class=\"elementor-element elementor-element-a701388 e-flex e-con-boxed e-con e-parent\" data-id=\"a701388\" data-element_type=\"container\">\n\t\t\t\t\t<div class=\"e-con-inner\">\n\t\t\t\t<div class=\"elementor-element elementor-element-583711e elementor-widget elementor-widget-heading\" data-id=\"583711e\" data-element_type=\"widget\" data-widget_type=\"heading.default\">\n\t\t\t\t<div class=\"elementor-widget-container\">\n\t\t\t\t\t<h2 class=\"elementor-heading-title elementor-size-default\">Inhankosken\/Pihlajaveden suunta<\/h2>\t\t\t\t<\/div>\n\t\t\t\t<\/div>\n\t\t\t\t\t<\/div>\n\t\t\t\t<\/div>\n\t\t<div class=\"elementor-element elementor-element-316e4e5 e-flex e-con-boxed e-con e-parent\" data-id=\"316e4e5\" data-element_type=\"container\">\n\t\t\t\t\t<div class=\"e-con-inner\">\n\t\t\t\t<div class=\"elementor-element elementor-element-71779df elementor-widget elementor-widget-text-editor\" data-id=\"71779df\" data-element_type=\"widget\" data-widget_type=\"text-editor.default\">\n\t\t\t\t<div class=\"elementor-widget-container\">\n\t\t\t\t\t\t\t\t\t<p><strong>Koulup\u00e4ivin\u00e4<\/strong><\/p><p>Maanantai-Perjantai<\/p><p>Voimassa ajalla 23.10.2023 &#8211; 21.12.2023, 8.1.2024 &#8211; 23.2.2024, 4.3.2024 &#8211; 8.5.2024, 13.5.2024 &#8211; 31.5.2024<\/p>\t\t\t\t\t\t\t\t<\/div>\n\t\t\t\t<\/div>\n\t\t\t\t\t<\/div>\n\t\t\t\t<\/div>\n\t\t<div class=\"elementor-element elementor-element-00a0bd7 e-flex e-con-boxed e-con e-parent\" data-id=\"00a0bd7\" data-element_type=\"container\">\n\t\t\t\t\t<div class=\"e-con-inner\">\n\t\t\t\t<div class=\"elementor-element elementor-element-b81e5b8 elementor-widget elementor-widget-text-editor\" data-id=\"b81e5b8\" data-element_type=\"widget\" data-widget_type=\"text-editor.default\">\n\t\t\t\t<div class=\"elementor-widget-container\">\n\t\t\t\t\t\t\t\t\t\n<table id=\"tablepress-1\" class=\"tablepress tablepress-id-1\">\n<thead>\n<tr class=\"row-1\">\n\t<th class=\"column-1\">M\u00e4kikyl\u00e4<\/th><th class=\"column-2\">7.50<\/th><th class=\"column-3\">\u00c4ht\u00e4ri koulut<\/th><th class=\"column-4\">13.05<\/th><th class=\"column-5\">\u00c4ht\u00e4ri koulut<\/th><th class=\"column-6\">15.05<\/th>\n<\/tr>\n<\/thead>\n<tbody class=\"row-striping row-hover\">\n<tr class=\"row-2\">\n\t<td class=\"column-1\">Sipil\u00e4<\/td><td class=\"column-2\">8.00<\/td><td class=\"column-3\">Inhan tehtaat<\/td><td class=\"column-4\">13.20<\/td><td class=\"column-5\">Inhan tehtaat<\/td><td class=\"column-6\">15.15<\/td>\n<\/tr>\n<tr class=\"row-3\">\n\t<td class=\"column-1\">Kaija<\/td><td class=\"column-2\">8.10<\/td><td class=\"column-3\">Kaija<\/td><td class=\"column-4\">13.30<\/td><td class=\"column-5\">Kaija<\/td><td class=\"column-6\">15.20<\/td>\n<\/tr>\n<tr class=\"row-4\">\n\t<td class=\"column-1\">Inhan tehtaat<\/td><td class=\"column-2\">8.15<\/td><td class=\"column-3\">T\u00e4hk\u00e4l\u00e4<\/td><td class=\"column-4\">13.40<\/td><td class=\"column-5\">T\u00e4hk\u00e4l\u00e4<\/td><td class=\"column-6\">15.25<\/td>\n<\/tr>\n<tr class=\"row-5\">\n\t<td class=\"column-1\">Kaukolantie<\/td><td class=\"column-2\">8.20<\/td><td class=\"column-3\">M\u00e4kikyl\u00e4<\/td><td class=\"column-4\">13.50<\/td><td class=\"column-5\">M\u00e4kikyl\u00e4<\/td><td class=\"column-6\">15.35<\/td>\n<\/tr>\n<tr class=\"row-6\">\n\t<td class=\"column-1\">\u00c4ht\u00e4ri koulut<\/td><td class=\"column-2\">8.30<\/td><td class=\"column-3\">Sipil\u00e4<\/td><td class=\"column-4\">14.00<\/td><td class=\"column-5\">Sipil\u00e4<\/td><td class=\"column-6\">15.45<\/td>\n<\/tr>\n<tr class=\"row-7\">\n\t<td class=\"column-1\">Sairaalanm\u00e4ki<\/td><td class=\"column-2\">8.35<\/td><td class=\"column-3\"><\/td><td class=\"column-4\"><\/td><td class=\"column-5\">\u00c4ht\u00e4ri <\/td><td class=\"column-6\">16.00<\/td>\n<\/tr>\n<\/tbody>\n<\/table>\n\t\t\t\t\t\t\t\t<\/div>\n\t\t\t\t<\/div>\n\t\t\t\t\t<\/div>\n\t\t\t\t<\/div>\n\t\t\t\t<\/div>\n\t\t","protected":false},"excerpt":{"rendered":"<p>Inhankosken\/Pihlajaveden suunta Koulup\u00e4ivin\u00e4 Maanantai-Perjantai Voimassa ajalla 23.10.2023 &#8211; 21.12.2023, 8.1.2024 &#8211; 23.2.2024, 4.3.2024 &#8211; 8.5.2024, 13.5.2024 &#8211; 31.5.2024<\/p>\n","protected":false},"author":1,"featured_media":0,"parent":136,"menu_order":0,"comment_status":"closed","ping_status":"closed","template":"","meta":{"site-sidebar-layout":"no-sidebar","site-content-layout":"","ast-site-content-layout":"full-width-container","site-content-style":"default","site-sidebar-style":"default","ast-global-header-display":"","ast-banner-title-visibility":"","ast-main-header-display":"","ast-hfb-above-header-display":"","ast-hfb-below-header-display":"","ast-hfb-mobile-header-display":"","site-post-title":"disabled","ast-breadcrumbs-content":"","ast-featured-img":"disabled","footer-sml-layout":"","theme-transparent-header-meta":"","adv-header-id-meta":"","stick-header-meta":"","header-above-stick-meta":"","header-main-stick-meta":"","header-below-stick-meta":"","astra-migrate-meta-layouts":"default","ast-page-background-enabled":"default","ast-page-background-meta":{"desktop":{"background-color":"var(--ast-global-color-4)","background-image":"","background-repeat":"repeat","background-position":"center center","background-size":"auto","background-attachment":"scroll","background-type":"","background-media":"","overlay-type":"","overlay-color":"","overlay-gradient":""},"tablet":{"background-color":"","background-image":"","background-repeat":"repeat","background-position":"center center","background-size":"auto","background-attachment":"scroll","background-type":"","background-media":"","overlay-type":"","overlay-color":"","overlay-gradient":""},"mobile":{"background-color":"","background-image":"","background-repeat":"repeat","background-position":"center center","background-size":"auto","background-attachment":"scroll","background-type":"","background-media":"","overlay-type":"","overlay-color":"","overlay-gradient":""}},"ast-content-background-meta":{"desktop":{"background-color":"var(--ast-global-color-5)","background-image":"","background-repeat":"repeat","background-position":"center center","background-size":"auto","background-attachment":"scroll","background-type":"","background-media":"","overlay-type":"","overlay-color":"","overlay-gradient":""},"tablet":{"background-color":"var(--ast-global-color-5)","background-image":"","background-repeat":"repeat","background-position":"center center","background-size":"auto","background-attachment":"scroll","background-type":"","background-media":"","overlay-type":"","overlay-color":"","overlay-gradient":""},"mobile":{"background-color":"var(--ast-global-color-5)","background-image":"","background-repeat":"repeat","background-position":"center center","background-size":"auto","background-attachment":"scroll","background-type":"","background-media":"","overlay-type":"","overlay-color":"","overlay-gradient":""}},"footnotes":""},"_links":{"self":[{"href":"https:\/\/uusi.matkapeura.fi\/index.php\/wp-json\/wp\/v2\/pages\/760"}],"collection":[{"href":"https:\/\/uusi.matkapeura.fi\/index.php\/wp-json\/wp\/v2\/pages"}],"about":[{"href":"https:\/\/uusi.matkapeura.fi\/index.php\/wp-json\/wp\/v2\/types\/page"}],"author":[{"embeddable":true,"href":"https:\/\/uusi.matkapeura.fi\/index.php\/wp-json\/wp\/v2\/users\/1"}],"replies":[{"embeddable":true,"href":"https:\/\/uusi.matkapeura.fi\/index.php\/wp-json\/wp\/v2\/comments?post=760"}],"version-history":[{"count":22,"href":"https:\/\/uusi.matkapeura.fi\/index.php\/wp-json\/wp\/v2\/pages\/760\/revisions"}],"predecessor-version":[{"id":805,"href":"https:\/\/uusi.matkapeura.fi\/index.php\/wp-json\/wp\/v2\/pages\/760\/revisions\/805"}],"up":[{"embeddable":true,"href":"https:\/\/uusi.matkapeura.fi\/index.php\/wp-json\/wp\/v2\/pages\/136"}],"wp:attachment":[{"href":"https:\/\/uusi.matkapeura.fi\/index.php\/wp-json\/wp\/v2\/media?parent=760"}],"curies":[{"name":"wp","href":"https:\/\/api.w.org\/{rel}","templated":true}]}}