{"id":52,"date":"2023-09-13T11:17:30","date_gmt":"2023-09-13T11:17:30","guid":{"rendered":"https:\/\/uusi.matkapeura.fi\/?page_id=52"},"modified":"2024-01-12T12:46:09","modified_gmt":"2024-01-12T12:46:09","slug":"yhteystiedot","status":"publish","type":"page","link":"https:\/\/uusi.matkapeura.fi\/index.php\/yhteystiedot\/","title":{"rendered":"Yhteystiedot"},"content":{"rendered":"\t\t<div data-elementor-type=\"wp-page\" data-elementor-id=\"52\" class=\"elementor elementor-52\" data-elementor-post-type=\"page\">\n\t\t\t\t<div class=\"elementor-element elementor-element-741d766 e-con-full e-flex e-con e-parent\" data-id=\"741d766\" data-element_type=\"container\" data-settings=\"{&quot;background_background&quot;:&quot;classic&quot;}\">\n\t\t\t\t<\/div>\n\t\t<div class=\"elementor-element elementor-element-db02ede e-flex e-con-boxed e-con e-parent\" data-id=\"db02ede\" data-element_type=\"container\">\n\t\t\t\t\t<div class=\"e-con-inner\">\n\t\t<div class=\"elementor-element elementor-element-70d91cd e-con-full e-flex e-con e-child\" data-id=\"70d91cd\" data-element_type=\"container\">\n\t\t\t\t<div class=\"elementor-element elementor-element-f969dc4 elementor-widget elementor-widget-heading\" data-id=\"f969dc4\" data-element_type=\"widget\" data-widget_type=\"heading.default\">\n\t\t\t\t<div class=\"elementor-widget-container\">\n\t\t\t\t\t<h2 class=\"elementor-heading-title elementor-size-default\">Yhteystiedot<\/h2>\t\t\t\t<\/div>\n\t\t\t\t<\/div>\n\t\t\t\t<div class=\"elementor-element elementor-element-fd5d0fe elementor-widget elementor-widget-text-editor\" data-id=\"fd5d0fe\" data-element_type=\"widget\" data-widget_type=\"text-editor.default\">\n\t\t\t\t<div class=\"elementor-widget-container\">\n\t\t\t\t\t\t\t\t\t<p>MatkaPEURA<br \/>Multiantie 20\u00a0<br \/>63800 Soini<\/p><p>Puh (06) 5212 200<\/p><p>SMAL 30800<br \/>KuVi 3620\/00\/MjMv<\/p>\t\t\t\t\t\t\t\t<\/div>\n\t\t\t\t<\/div>\n\t\t\t\t<div class=\"elementor-element elementor-element-61f8a86 elementor-widget elementor-widget-heading\" data-id=\"61f8a86\" data-element_type=\"widget\" data-widget_type=\"heading.default\">\n\t\t\t\t<div class=\"elementor-widget-container\">\n\t\t\t\t\t<h2 class=\"elementor-heading-title elementor-size-default\">Laskutus <\/h2>\t\t\t\t<\/div>\n\t\t\t\t<\/div>\n\t\t\t\t<div class=\"elementor-element elementor-element-6f4f2e8 elementor-widget elementor-widget-text-editor\" data-id=\"6f4f2e8\" data-element_type=\"widget\" data-widget_type=\"text-editor.default\">\n\t\t\t\t<div class=\"elementor-widget-container\">\n\t\t\t\t\t\t\t\t\t<p>Verkkolaskutiedot:<\/p>\n<p><span style=\"font-style: inherit; font-weight: inherit; text-align: var(--text-align); background-color: var(--ast-global-color-5); color: var(--ast-global-color-3);\">Y-tunnus:&nbsp;<\/span><span style=\"background-color: var(--ast-global-color-5); color: var(--ast-global-color-3); font-style: inherit; font-weight: inherit; text-align: var(--text-align);\">0678621-9<br>Verkkolaskutusosoite 003706786219 V\u00e4litt\u00e4j\u00e4: Maventa<\/span><\/p>\n<p>Jos mahdollisuutta verkkolaskutukseen ei ole, <br>pyyd\u00e4mme l\u00e4hett\u00e4m\u00e4\u00e4n laskut joko s\u00e4hk\u00f6postitse osoitteeseen myynti@matkapeura.fi tai <br>postitse osoitteeseen <br>Multiantie 20, 63800 SOINI.&nbsp;<\/p>\n<p><\/p>\t\t\t\t\t\t\t\t<\/div>\n\t\t\t\t<\/div>\n\t\t\t\t<\/div>\n\t\t<div class=\"elementor-element elementor-element-f4f0d8b e-con-full e-flex e-con e-child\" data-id=\"f4f0d8b\" data-element_type=\"container\">\n\t\t\t\t<div class=\"elementor-element elementor-element-20f79b2 elementor-widget elementor-widget-heading\" data-id=\"20f79b2\" data-element_type=\"widget\" data-widget_type=\"heading.default\">\n\t\t\t\t<div class=\"elementor-widget-container\">\n\t\t\t\t\t<h2 class=\"elementor-heading-title elementor-size-default\">Myynti<\/h2>\t\t\t\t<\/div>\n\t\t\t\t<\/div>\n\t\t\t\t<div class=\"elementor-element elementor-element-a4d7a20 elementor-widget elementor-widget-text-editor\" data-id=\"a4d7a20\" data-element_type=\"widget\" data-widget_type=\"text-editor.default\">\n\t\t\t\t<div class=\"elementor-widget-container\">\n\t\t\t\t\t\t\t\t\t<p><strong>Puh<\/strong>\u00a006 5212 200<br \/><strong>Email<\/strong>\u00a0myynti(a)matkapeura.fi<\/p><h3>Toimisto avoinna<\/h3><p>ma-pe 9.00-16.00<\/p>\t\t\t\t\t\t\t\t<\/div>\n\t\t\t\t<\/div>\n\t\t\t\t<\/div>\n\t\t<div class=\"elementor-element elementor-element-43a9938 e-con-full e-flex e-con e-child\" data-id=\"43a9938\" data-element_type=\"container\">\n\t\t\t\t<div class=\"elementor-element elementor-element-70642dc elementor-widget elementor-widget-heading\" data-id=\"70642dc\" data-element_type=\"widget\" data-widget_type=\"heading.default\">\n\t\t\t\t<div class=\"elementor-widget-container\">\n\t\t\t\t\t<h2 class=\"elementor-heading-title elementor-size-default\">Henkil\u00f6t<\/h2>\t\t\t\t<\/div>\n\t\t\t\t<\/div>\n\t\t\t\t<div class=\"elementor-element elementor-element-20afd45 elementor-widget elementor-widget-text-editor\" data-id=\"20afd45\" data-element_type=\"widget\" data-widget_type=\"text-editor.default\">\n\t\t\t\t<div class=\"elementor-widget-container\">\n\t\t\t\t\t\t\t\t\t<p><strong>Jouni Peura<\/strong><br \/>toimitusjohtaja<\/p><p><span id=\"cloaka1d418fef07e2c69a3b75d2188aae35f\"><a href=\"mailto:jouni.peura@matkapeura.fi\">jouni.peura@matkapeura.fi<\/a><\/span><\/p><p><strong>Anja Katajam\u00e4ki<\/strong><br \/>matkatoimistovastaava<\/p><p><span id=\"cloak8c62aa88e316779e6c4dae012da59cb7\"><a href=\"mailto:anja.katajamaki@matkapeura.fi\">anja.katajamaki@matkapeura.fi<\/a><\/span><\/p><p><strong>Sampo Peura\u00a0<br \/><\/strong>ajoj\u00e4rjestelij\u00e4\u00a0<br \/><strong><br \/><\/strong><span id=\"cloak2a28740bb311778bbffb6cf8ff6c6dfb\"><a href=\"mailto:sampo.peura@matkapeura.fi\">sampo.peura@matkapeura.fi<\/a><\/span><\/p><p>\u00a0<\/p>\t\t\t\t\t\t\t\t<\/div>\n\t\t\t\t<\/div>\n\t\t\t\t<\/div>\n\t\t\t\t\t<\/div>\n\t\t\t\t<\/div>\n\t\t\t\t<\/div>\n\t\t","protected":false},"excerpt":{"rendered":"<p>Yhteystiedot MatkaPEURAMultiantie 20\u00a063800 Soini Puh (06) 5212 200 SMAL 30800KuVi 3620\/00\/MjMv Laskutus Verkkolaskutiedot: Y-tunnus:&nbsp;0678621-9Verkkolaskutusosoite 003706786219 V\u00e4litt\u00e4j\u00e4: Maventa Jos mahdollisuutta verkkolaskutukseen ei ole, pyyd\u00e4mme l\u00e4hett\u00e4m\u00e4\u00e4n laskut joko s\u00e4hk\u00f6postitse osoitteeseen myynti@matkapeura.fi tai postitse osoitteeseen Multiantie 20, 63800 SOINI.&nbsp; Myynti Puh\u00a006 5212 200Email\u00a0myynti(a)matkapeura.fi Toimisto avoinna ma-pe 9.00-16.00 Henkil\u00f6t Jouni Peuratoimitusjohtaja jouni.peura@matkapeura.fi Anja Katajam\u00e4kimatkatoimistovastaava anja.katajamaki@matkapeura.fi Sampo Peura\u00a0ajoj\u00e4rjestelij\u00e4\u00a0sampo.peura@matkapeura.fi \u00a0<\/p>\n","protected":false},"author":1,"featured_media":0,"parent":0,"menu_order":0,"comment_status":"closed","ping_status":"closed","template":"","meta":{"site-sidebar-layout":"no-sidebar","site-content-layout":"","ast-site-content-layout":"full-width-container","site-content-style":"default","site-sidebar-style":"default","ast-global-header-display":"","ast-banner-title-visibility":"","ast-main-header-display":"","ast-hfb-above-header-display":"","ast-hfb-below-header-display":"","ast-hfb-mobile-header-display":"","site-post-title":"disabled","ast-breadcrumbs-content":"","ast-featured-img":"disabled","footer-sml-layout":"","theme-transparent-header-meta":"","adv-header-id-meta":"","stick-header-meta":"","header-above-stick-meta":"","header-main-stick-meta":"","header-below-stick-meta":"","astra-migrate-meta-layouts":"default","ast-page-background-enabled":"default","ast-page-background-meta":{"desktop":{"background-color":"var(--ast-global-color-4)","background-image":"","background-repeat":"repeat","background-position":"center center","background-size":"auto","background-attachment":"scroll","background-type":"","background-media":"","overlay-type":"","overlay-color":"","overlay-gradient":""},"tablet":{"background-color":"","background-image":"","background-repeat":"repeat","background-position":"center center","background-size":"auto","background-attachment":"scroll","background-type":"","background-media":"","overlay-type":"","overlay-color":"","overlay-gradient":""},"mobile":{"background-color":"","background-image":"","background-repeat":"repeat","background-position":"center center","background-size":"auto","background-attachment":"scroll","background-type":"","background-media":"","overlay-type":"","overlay-color":"","overlay-gradient":""}},"ast-content-background-meta":{"desktop":{"background-color":"var(--ast-global-color-5)","background-image":"","background-repeat":"repeat","background-position":"center center","background-size":"auto","background-attachment":"scroll","background-type":"","background-media":"","overlay-type":"","overlay-color":"","overlay-gradient":""},"tablet":{"background-color":"var(--ast-global-color-5)","background-image":"","background-repeat":"repeat","background-position":"center center","background-size":"auto","background-attachment":"scroll","background-type":"","background-media":"","overlay-type":"","overlay-color":"","overlay-gradient":""},"mobile":{"background-color":"var(--ast-global-color-5)","background-image":"","background-repeat":"repeat","background-position":"center center","background-size":"auto","background-attachment":"scroll","background-type":"","background-media":"","overlay-type":"","overlay-color":"","overlay-gradient":""}},"footnotes":""},"_links":{"self":[{"href":"https:\/\/uusi.matkapeura.fi\/index.php\/wp-json\/wp\/v2\/pages\/52"}],"collection":[{"href":"https:\/\/uusi.matkapeura.fi\/index.php\/wp-json\/wp\/v2\/pages"}],"about":[{"href":"https:\/\/uusi.matkapeura.fi\/index.php\/wp-json\/wp\/v2\/types\/page"}],"author":[{"embeddable":true,"href":"https:\/\/uusi.matkapeura.fi\/index.php\/wp-json\/wp\/v2\/users\/1"}],"replies":[{"embeddable":true,"href":"https:\/\/uusi.matkapeura.fi\/index.php\/wp-json\/wp\/v2\/comments?post=52"}],"version-history":[{"count":49,"href":"https:\/\/uusi.matkapeura.fi\/index.php\/wp-json\/wp\/v2\/pages\/52\/revisions"}],"predecessor-version":[{"id":1239,"href":"https:\/\/uusi.matkapeura.fi\/index.php\/wp-json\/wp\/v2\/pages\/52\/revisions\/1239"}],"wp:attachment":[{"href":"https:\/\/uusi.matkapeura.fi\/index.php\/wp-json\/wp\/v2\/media?parent=52"}],"curies":[{"name":"wp","href":"https:\/\/api.w.org\/{rel}","templated":true}]}}