{"id":136,"date":"2023-09-19T04:53:22","date_gmt":"2023-09-19T04:53:22","guid":{"rendered":"https:\/\/uusi.matkapeura.fi\/?page_id=136"},"modified":"2024-01-03T08:08:35","modified_gmt":"2024-01-03T08:08:35","slug":"koulukuljetukset","status":"publish","type":"page","link":"https:\/\/uusi.matkapeura.fi\/index.php\/palvelut\/koulukuljetukset\/","title":{"rendered":"Linja-autojen aikataulut"},"content":{"rendered":"\t\t<div data-elementor-type=\"wp-page\" data-elementor-id=\"136\" class=\"elementor elementor-136\" data-elementor-post-type=\"page\">\n\t\t\t\t<div class=\"elementor-element elementor-element-2add72a e-flex e-con-boxed e-con e-parent\" data-id=\"2add72a\" data-element_type=\"container\">\n\t\t\t\t\t<div class=\"e-con-inner\">\n\t\t\t\t<div class=\"elementor-element elementor-element-977293f elementor-widget elementor-widget-heading\" data-id=\"977293f\" data-element_type=\"widget\" data-widget_type=\"heading.default\">\n\t\t\t\t<div class=\"elementor-widget-container\">\n\t\t\t\t\t<h2 class=\"elementor-heading-title elementor-size-default\">Bussien aikataulut<\/h2>\t\t\t\t<\/div>\n\t\t\t\t<\/div>\n\t\t\t\t\t<\/div>\n\t\t\t\t<\/div>\n\t\t<div class=\"elementor-element elementor-element-0a7aafd e-flex e-con-boxed e-con e-parent\" data-id=\"0a7aafd\" data-element_type=\"container\">\n\t\t\t\t\t<div class=\"e-con-inner\">\n\t\t\t\t<div class=\"elementor-element elementor-element-09aa508 elementor-nav-menu__align-left elementor-nav-menu--dropdown-tablet elementor-nav-menu__text-align-aside elementor-nav-menu--toggle elementor-nav-menu--burger elementor-widget elementor-widget-nav-menu\" data-id=\"09aa508\" data-element_type=\"widget\" data-settings=\"{&quot;layout&quot;:&quot;vertical&quot;,&quot;submenu_icon&quot;:{&quot;value&quot;:&quot;&lt;i class=\\&quot;fas fa-caret-down\\&quot;&gt;&lt;\\\/i&gt;&quot;,&quot;library&quot;:&quot;fa-solid&quot;},&quot;toggle&quot;:&quot;burger&quot;}\" data-widget_type=\"nav-menu.default\">\n\t\t\t\t<div class=\"elementor-widget-container\">\n\t\t\t\t\t\t\t\t<nav class=\"elementor-nav-menu--main elementor-nav-menu__container elementor-nav-menu--layout-vertical e--pointer-framed e--animation-fade\">\n\t\t\t\t<ul id=\"menu-1-09aa508\" class=\"elementor-nav-menu sm-vertical\"><li class=\"menu-item menu-item-type-post_type menu-item-object-page menu-item-1017\"><a href=\"https:\/\/uusi.matkapeura.fi\/index.php\/alajarvi-karvala-lappajarvi-alajarvi\/\" class=\"elementor-item menu-link\">Alaj\u00e4rvi-Karvala-Lappaj\u00e4rvi-Alaj\u00e4rvi<\/a><\/li>\n<li class=\"menu-item menu-item-type-post_type menu-item-object-page menu-item-1040\"><a href=\"https:\/\/uusi.matkapeura.fi\/index.php\/palvelut\/koulukuljetukset\/alajarvi-sahala-alajarvi-2\/\" class=\"elementor-item menu-link\">Alaj\u00e4rvi-Sahala-Alaj\u00e4rvi<\/a><\/li>\n<li class=\"menu-item menu-item-type-post_type menu-item-object-page menu-item-990\"><a href=\"https:\/\/uusi.matkapeura.fi\/index.php\/alajarvi-vaasa\/\" class=\"elementor-item menu-link\">Alaj\u00e4rvi-Vaasa<\/a><\/li>\n<li class=\"menu-item menu-item-type-post_type menu-item-object-page menu-item-1004\"><a href=\"https:\/\/uusi.matkapeura.fi\/index.php\/alajarvi-vimpeli-lappajarvi\/\" class=\"elementor-item menu-link\">Alaj\u00e4rvi-Vimpeli-Lappaj\u00e4rvi<\/a><\/li>\n<li class=\"menu-item menu-item-type-post_type menu-item-object-page menu-item-962\"><a href=\"https:\/\/uusi.matkapeura.fi\/index.php\/palvelut\/koulukuljetukset\/alavus-taipalus-alavus-katkanjoki\/\" class=\"elementor-item menu-link\">Alavus \u2013 Taipalus , Alavus \u2013 K\u00e4tk\u00e4njoki<\/a><\/li>\n<li class=\"menu-item menu-item-type-post_type menu-item-object-page menu-item-870\"><a href=\"https:\/\/uusi.matkapeura.fi\/index.php\/palvelut\/koulukuljetukset\/inhankosken-pihlajaveden-suunta\/\" class=\"elementor-item menu-link\">Inhankosken\/Pihlajaveden suunta<\/a><\/li>\n<li class=\"menu-item menu-item-type-post_type menu-item-object-page menu-item-1079\"><a href=\"https:\/\/uusi.matkapeura.fi\/index.php\/palvelut\/koulukuljetukset\/isokyro-seinajoki-isokyro-seinajoki-ylistaro-seinajoki\/\" class=\"elementor-item menu-link\">Isokyr\u00f6-Sein\u00e4joki-Isokyr\u00f6, Sein\u00e4joki-Ylistaro-Sein\u00e4joki<\/a><\/li>\n<li class=\"menu-item menu-item-type-post_type menu-item-object-page menu-item-966\"><a href=\"https:\/\/uusi.matkapeura.fi\/index.php\/palvelut\/koulukuljetukset\/keskikylan-kukonkylan-ahtarinrannan-suunta\/\" class=\"elementor-item menu-link\">Keskikyl\u00e4n \/ Kukonkyl\u00e4n \/ \u00c4ht\u00e4rinrannan suunta<\/a><\/li>\n<li class=\"menu-item menu-item-type-post_type menu-item-object-page menu-item-869\"><a href=\"https:\/\/uusi.matkapeura.fi\/index.php\/palvelut\/koulukuljetukset\/keskikylan-ahtarinrannan-ita-ahtarin-suunta\/\" class=\"elementor-item menu-link\">Keskikyl\u00e4n\/\u00c4ht\u00e4rinrannan\/It\u00e4-\u00c4ht\u00e4rin suunta<\/a><\/li>\n<li class=\"menu-item menu-item-type-post_type menu-item-object-page menu-item-963\"><a href=\"https:\/\/uusi.matkapeura.fi\/index.php\/palvelut\/koulukuljetukset\/kuortane-alavus\/\" class=\"elementor-item menu-link\">Kuortane-Alavus<\/a><\/li>\n<li class=\"menu-item menu-item-type-post_type menu-item-object-page menu-item-1114\"><a href=\"https:\/\/uusi.matkapeura.fi\/index.php\/palvelut\/koulukuljetukset\/lappajarvi-kauhava-kauhava-lappajarvi\/\" class=\"elementor-item menu-link\">Lappaj\u00e4rvi-Kauhava, Kauhava-Lappaj\u00e4rvi<\/a><\/li>\n<li class=\"menu-item menu-item-type-post_type menu-item-object-page menu-item-1124\"><a href=\"https:\/\/uusi.matkapeura.fi\/index.php\/palvelut\/koulukuljetukset\/lappajarvi-kauhava-kauhava-lappajarvi-lauantaisin\/\" class=\"elementor-item menu-link\">Lappaj\u00e4rvi-Kauhava, Kauhava-Lappaj\u00e4rvi (lauantaisin)<\/a><\/li>\n<li class=\"menu-item menu-item-type-post_type menu-item-object-page menu-item-1138\"><a href=\"https:\/\/uusi.matkapeura.fi\/index.php\/palvelut\/koulukuljetukset\/lappajarvi-kauhava-kauhava-lappajarvi-sunnuntaisin\/\" class=\"elementor-item menu-link\">Lappaj\u00e4rvi-Kauhava, Kauhava-Lappaj\u00e4rvi (sunnuntaisin)<\/a><\/li>\n<li class=\"menu-item menu-item-type-post_type menu-item-object-page menu-item-873\"><a href=\"https:\/\/uusi.matkapeura.fi\/index.php\/palvelut\/koulukuljetukset\/liesjarven-peranteen-suunta\/\" class=\"elementor-item menu-link\">Liesj\u00e4rven-Per\u00e4nteen suunta<\/a><\/li>\n<li class=\"menu-item menu-item-type-post_type menu-item-object-page menu-item-1177\"><a href=\"https:\/\/uusi.matkapeura.fi\/index.php\/saarijarvi-jyvaskyla-petajavesi-jyvaskyla\/\" class=\"elementor-item menu-link\">Saarij\u00e4rvi-Jyv\u00e4skyl\u00e4, Pet\u00e4j\u00e4vesi-Jyv\u00e4skyl\u00e4<\/a><\/li>\n<li class=\"menu-item menu-item-type-post_type menu-item-object-page menu-item-965\"><a href=\"https:\/\/uusi.matkapeura.fi\/index.php\/palvelut\/koulukuljetukset\/sappion-suunta\/\" class=\"elementor-item menu-link\">Sappion suunta<\/a><\/li>\n<li class=\"menu-item menu-item-type-post_type menu-item-object-page menu-item-1090\"><a href=\"https:\/\/uusi.matkapeura.fi\/index.php\/palvelut\/koulukuljetukset\/seinajoki-alajarvi-seinajoki\/\" class=\"elementor-item menu-link\">Sein\u00e4joki-Alaj\u00e4rvi-Sein\u00e4joki<\/a><\/li>\n<li class=\"menu-item menu-item-type-post_type menu-item-object-page menu-item-1049\"><a href=\"https:\/\/uusi.matkapeura.fi\/index.php\/palvelut\/koulukuljetukset\/seinajoki-vaasa-vaasa-seinajoki\/\" class=\"elementor-item menu-link\">Sein\u00e4joki-Vaasa, Vaasa-Sein\u00e4joki<\/a><\/li>\n<li class=\"menu-item menu-item-type-post_type menu-item-object-page menu-item-985\"><a href=\"https:\/\/uusi.matkapeura.fi\/index.php\/palvelut\/koulukuljetukset\/toysa-hakojarvi\/\" class=\"elementor-item menu-link\">T\u00f6ys\u00e4-Hakoj\u00e4rvi<\/a><\/li>\n<li class=\"menu-item menu-item-type-post_type menu-item-object-page menu-item-868\"><a href=\"https:\/\/uusi.matkapeura.fi\/index.php\/palvelut\/koulukuljetukset\/vehu-myllymaen-suunta\/\" class=\"elementor-item menu-link\">Vehu-Myllym\u00e4en suunta<\/a><\/li>\n<li class=\"menu-item menu-item-type-post_type menu-item-object-page menu-item-1149\"><a href=\"https:\/\/uusi.matkapeura.fi\/index.php\/palvelut\/koulukuljetukset\/vimpeli-seinajoki-seinajoki-vimpeli\/\" class=\"elementor-item menu-link\">Vimpeli-Sein\u00e4joki, Sein\u00e4joki-Vimpeli<\/a><\/li>\n<li class=\"menu-item menu-item-type-post_type menu-item-object-page menu-item-1160\"><a href=\"https:\/\/uusi.matkapeura.fi\/index.php\/palvelut\/koulukuljetukset\/vimpeli-seinajoki-seinajoki-vimpeli-lauantaisin\/\" class=\"elementor-item menu-link\">Vimpeli-Sein\u00e4joki, Sein\u00e4joki-Vimpeli (lauantaisin)<\/a><\/li>\n<li class=\"menu-item menu-item-type-post_type menu-item-object-page menu-item-964\"><a href=\"https:\/\/uusi.matkapeura.fi\/index.php\/palvelut\/koulukuljetukset\/ahtari-alavus-ahtari\/\" class=\"elementor-item menu-link\">\u00c4ht\u00e4ri-Alavus-\u00c4ht\u00e4ri<\/a><\/li>\n<\/ul>\t\t\t<\/nav>\n\t\t\t\t\t<div class=\"elementor-menu-toggle\" role=\"button\" tabindex=\"0\" aria-label=\"Menu Toggle\" aria-expanded=\"false\">\n\t\t\t<i aria-hidden=\"true\" role=\"presentation\" class=\"elementor-menu-toggle__icon--open eicon-menu-bar\"><\/i><i aria-hidden=\"true\" role=\"presentation\" class=\"elementor-menu-toggle__icon--close eicon-close\"><\/i>\t\t\t<span class=\"elementor-screen-only\">Menu<\/span>\n\t\t<\/div>\n\t\t\t\t\t<nav class=\"elementor-nav-menu--dropdown elementor-nav-menu__container\" aria-hidden=\"true\">\n\t\t\t\t<ul id=\"menu-2-09aa508\" class=\"elementor-nav-menu sm-vertical\"><li class=\"menu-item menu-item-type-post_type menu-item-object-page menu-item-1017\"><a href=\"https:\/\/uusi.matkapeura.fi\/index.php\/alajarvi-karvala-lappajarvi-alajarvi\/\" class=\"elementor-item menu-link\" tabindex=\"-1\">Alaj\u00e4rvi-Karvala-Lappaj\u00e4rvi-Alaj\u00e4rvi<\/a><\/li>\n<li class=\"menu-item menu-item-type-post_type menu-item-object-page menu-item-1040\"><a href=\"https:\/\/uusi.matkapeura.fi\/index.php\/palvelut\/koulukuljetukset\/alajarvi-sahala-alajarvi-2\/\" class=\"elementor-item menu-link\" tabindex=\"-1\">Alaj\u00e4rvi-Sahala-Alaj\u00e4rvi<\/a><\/li>\n<li class=\"menu-item menu-item-type-post_type menu-item-object-page menu-item-990\"><a href=\"https:\/\/uusi.matkapeura.fi\/index.php\/alajarvi-vaasa\/\" class=\"elementor-item menu-link\" tabindex=\"-1\">Alaj\u00e4rvi-Vaasa<\/a><\/li>\n<li class=\"menu-item menu-item-type-post_type menu-item-object-page menu-item-1004\"><a href=\"https:\/\/uusi.matkapeura.fi\/index.php\/alajarvi-vimpeli-lappajarvi\/\" class=\"elementor-item menu-link\" tabindex=\"-1\">Alaj\u00e4rvi-Vimpeli-Lappaj\u00e4rvi<\/a><\/li>\n<li class=\"menu-item menu-item-type-post_type menu-item-object-page menu-item-962\"><a href=\"https:\/\/uusi.matkapeura.fi\/index.php\/palvelut\/koulukuljetukset\/alavus-taipalus-alavus-katkanjoki\/\" class=\"elementor-item menu-link\" tabindex=\"-1\">Alavus \u2013 Taipalus , Alavus \u2013 K\u00e4tk\u00e4njoki<\/a><\/li>\n<li class=\"menu-item menu-item-type-post_type menu-item-object-page menu-item-870\"><a href=\"https:\/\/uusi.matkapeura.fi\/index.php\/palvelut\/koulukuljetukset\/inhankosken-pihlajaveden-suunta\/\" class=\"elementor-item menu-link\" tabindex=\"-1\">Inhankosken\/Pihlajaveden suunta<\/a><\/li>\n<li class=\"menu-item menu-item-type-post_type menu-item-object-page menu-item-1079\"><a href=\"https:\/\/uusi.matkapeura.fi\/index.php\/palvelut\/koulukuljetukset\/isokyro-seinajoki-isokyro-seinajoki-ylistaro-seinajoki\/\" class=\"elementor-item menu-link\" tabindex=\"-1\">Isokyr\u00f6-Sein\u00e4joki-Isokyr\u00f6, Sein\u00e4joki-Ylistaro-Sein\u00e4joki<\/a><\/li>\n<li class=\"menu-item menu-item-type-post_type menu-item-object-page menu-item-966\"><a href=\"https:\/\/uusi.matkapeura.fi\/index.php\/palvelut\/koulukuljetukset\/keskikylan-kukonkylan-ahtarinrannan-suunta\/\" class=\"elementor-item menu-link\" tabindex=\"-1\">Keskikyl\u00e4n \/ Kukonkyl\u00e4n \/ \u00c4ht\u00e4rinrannan suunta<\/a><\/li>\n<li class=\"menu-item menu-item-type-post_type menu-item-object-page menu-item-869\"><a href=\"https:\/\/uusi.matkapeura.fi\/index.php\/palvelut\/koulukuljetukset\/keskikylan-ahtarinrannan-ita-ahtarin-suunta\/\" class=\"elementor-item menu-link\" tabindex=\"-1\">Keskikyl\u00e4n\/\u00c4ht\u00e4rinrannan\/It\u00e4-\u00c4ht\u00e4rin suunta<\/a><\/li>\n<li class=\"menu-item menu-item-type-post_type menu-item-object-page menu-item-963\"><a href=\"https:\/\/uusi.matkapeura.fi\/index.php\/palvelut\/koulukuljetukset\/kuortane-alavus\/\" class=\"elementor-item menu-link\" tabindex=\"-1\">Kuortane-Alavus<\/a><\/li>\n<li class=\"menu-item menu-item-type-post_type menu-item-object-page menu-item-1114\"><a href=\"https:\/\/uusi.matkapeura.fi\/index.php\/palvelut\/koulukuljetukset\/lappajarvi-kauhava-kauhava-lappajarvi\/\" class=\"elementor-item menu-link\" tabindex=\"-1\">Lappaj\u00e4rvi-Kauhava, Kauhava-Lappaj\u00e4rvi<\/a><\/li>\n<li class=\"menu-item menu-item-type-post_type menu-item-object-page menu-item-1124\"><a href=\"https:\/\/uusi.matkapeura.fi\/index.php\/palvelut\/koulukuljetukset\/lappajarvi-kauhava-kauhava-lappajarvi-lauantaisin\/\" class=\"elementor-item menu-link\" tabindex=\"-1\">Lappaj\u00e4rvi-Kauhava, Kauhava-Lappaj\u00e4rvi (lauantaisin)<\/a><\/li>\n<li class=\"menu-item menu-item-type-post_type menu-item-object-page menu-item-1138\"><a href=\"https:\/\/uusi.matkapeura.fi\/index.php\/palvelut\/koulukuljetukset\/lappajarvi-kauhava-kauhava-lappajarvi-sunnuntaisin\/\" class=\"elementor-item menu-link\" tabindex=\"-1\">Lappaj\u00e4rvi-Kauhava, Kauhava-Lappaj\u00e4rvi (sunnuntaisin)<\/a><\/li>\n<li class=\"menu-item menu-item-type-post_type menu-item-object-page menu-item-873\"><a href=\"https:\/\/uusi.matkapeura.fi\/index.php\/palvelut\/koulukuljetukset\/liesjarven-peranteen-suunta\/\" class=\"elementor-item menu-link\" tabindex=\"-1\">Liesj\u00e4rven-Per\u00e4nteen suunta<\/a><\/li>\n<li class=\"menu-item menu-item-type-post_type menu-item-object-page menu-item-1177\"><a href=\"https:\/\/uusi.matkapeura.fi\/index.php\/saarijarvi-jyvaskyla-petajavesi-jyvaskyla\/\" class=\"elementor-item menu-link\" tabindex=\"-1\">Saarij\u00e4rvi-Jyv\u00e4skyl\u00e4, Pet\u00e4j\u00e4vesi-Jyv\u00e4skyl\u00e4<\/a><\/li>\n<li class=\"menu-item menu-item-type-post_type menu-item-object-page menu-item-965\"><a href=\"https:\/\/uusi.matkapeura.fi\/index.php\/palvelut\/koulukuljetukset\/sappion-suunta\/\" class=\"elementor-item menu-link\" tabindex=\"-1\">Sappion suunta<\/a><\/li>\n<li class=\"menu-item menu-item-type-post_type menu-item-object-page menu-item-1090\"><a href=\"https:\/\/uusi.matkapeura.fi\/index.php\/palvelut\/koulukuljetukset\/seinajoki-alajarvi-seinajoki\/\" class=\"elementor-item menu-link\" tabindex=\"-1\">Sein\u00e4joki-Alaj\u00e4rvi-Sein\u00e4joki<\/a><\/li>\n<li class=\"menu-item menu-item-type-post_type menu-item-object-page menu-item-1049\"><a href=\"https:\/\/uusi.matkapeura.fi\/index.php\/palvelut\/koulukuljetukset\/seinajoki-vaasa-vaasa-seinajoki\/\" class=\"elementor-item menu-link\" tabindex=\"-1\">Sein\u00e4joki-Vaasa, Vaasa-Sein\u00e4joki<\/a><\/li>\n<li class=\"menu-item menu-item-type-post_type menu-item-object-page menu-item-985\"><a href=\"https:\/\/uusi.matkapeura.fi\/index.php\/palvelut\/koulukuljetukset\/toysa-hakojarvi\/\" class=\"elementor-item menu-link\" tabindex=\"-1\">T\u00f6ys\u00e4-Hakoj\u00e4rvi<\/a><\/li>\n<li class=\"menu-item menu-item-type-post_type menu-item-object-page menu-item-868\"><a href=\"https:\/\/uusi.matkapeura.fi\/index.php\/palvelut\/koulukuljetukset\/vehu-myllymaen-suunta\/\" class=\"elementor-item menu-link\" tabindex=\"-1\">Vehu-Myllym\u00e4en suunta<\/a><\/li>\n<li class=\"menu-item menu-item-type-post_type menu-item-object-page menu-item-1149\"><a href=\"https:\/\/uusi.matkapeura.fi\/index.php\/palvelut\/koulukuljetukset\/vimpeli-seinajoki-seinajoki-vimpeli\/\" class=\"elementor-item menu-link\" tabindex=\"-1\">Vimpeli-Sein\u00e4joki, Sein\u00e4joki-Vimpeli<\/a><\/li>\n<li class=\"menu-item menu-item-type-post_type menu-item-object-page menu-item-1160\"><a href=\"https:\/\/uusi.matkapeura.fi\/index.php\/palvelut\/koulukuljetukset\/vimpeli-seinajoki-seinajoki-vimpeli-lauantaisin\/\" class=\"elementor-item menu-link\" tabindex=\"-1\">Vimpeli-Sein\u00e4joki, Sein\u00e4joki-Vimpeli (lauantaisin)<\/a><\/li>\n<li class=\"menu-item menu-item-type-post_type menu-item-object-page menu-item-964\"><a href=\"https:\/\/uusi.matkapeura.fi\/index.php\/palvelut\/koulukuljetukset\/ahtari-alavus-ahtari\/\" class=\"elementor-item menu-link\" tabindex=\"-1\">\u00c4ht\u00e4ri-Alavus-\u00c4ht\u00e4ri<\/a><\/li>\n<\/ul>\t\t\t<\/nav>\n\t\t\t\t\t\t<\/div>\n\t\t\t\t<\/div>\n\t\t\t\t\t<\/div>\n\t\t\t\t<\/div>\n\t\t\t\t<\/div>\n\t\t","protected":false},"excerpt":{"rendered":"<p>Bussien aikataulut<\/p>\n","protected":false},"author":1,"featured_media":0,"parent":122,"menu_order":0,"comment_status":"closed","ping_status":"closed","template":"","meta":{"site-sidebar-layout":"no-sidebar","site-content-layout":"","ast-site-content-layout":"full-width-container","site-content-style":"default","site-sidebar-style":"default","ast-global-header-display":"","ast-banner-title-visibility":"","ast-main-header-display":"","ast-hfb-above-header-display":"","ast-hfb-below-header-display":"","ast-hfb-mobile-header-display":"","site-post-title":"disabled","ast-breadcrumbs-content":"","ast-featured-img":"disabled","footer-sml-layout":"","theme-transparent-header-meta":"","adv-header-id-meta":"","stick-header-meta":"","header-above-stick-meta":"","header-main-stick-meta":"","header-below-stick-meta":"","astra-migrate-meta-layouts":"default","ast-page-background-enabled":"default","ast-page-background-meta":{"desktop":{"background-color":"var(--ast-global-color-4)","background-image":"","background-repeat":"repeat","background-position":"center center","background-size":"auto","background-attachment":"scroll","background-type":"","background-media":"","overlay-type":"","overlay-color":"","overlay-gradient":""},"tablet":{"background-color":"","background-image":"","background-repeat":"repeat","background-position":"center center","background-size":"auto","background-attachment":"scroll","background-type":"","background-media":"","overlay-type":"","overlay-color":"","overlay-gradient":""},"mobile":{"background-color":"","background-image":"","background-repeat":"repeat","background-position":"center center","background-size":"auto","background-attachment":"scroll","background-type":"","background-media":"","overlay-type":"","overlay-color":"","overlay-gradient":""}},"ast-content-background-meta":{"desktop":{"background-color":"var(--ast-global-color-5)","background-image":"","background-repeat":"repeat","background-position":"center center","background-size":"auto","background-attachment":"scroll","background-type":"","background-media":"","overlay-type":"","overlay-color":"","overlay-gradient":""},"tablet":{"background-color":"var(--ast-global-color-5)","background-image":"","background-repeat":"repeat","background-position":"center center","background-size":"auto","background-attachment":"scroll","background-type":"","background-media":"","overlay-type":"","overlay-color":"","overlay-gradient":""},"mobile":{"background-color":"var(--ast-global-color-5)","background-image":"","background-repeat":"repeat","background-position":"center center","background-size":"auto","background-attachment":"scroll","background-type":"","background-media":"","overlay-type":"","overlay-color":"","overlay-gradient":""}},"footnotes":""},"_links":{"self":[{"href":"https:\/\/uusi.matkapeura.fi\/index.php\/wp-json\/wp\/v2\/pages\/136"}],"collection":[{"href":"https:\/\/uusi.matkapeura.fi\/index.php\/wp-json\/wp\/v2\/pages"}],"about":[{"href":"https:\/\/uusi.matkapeura.fi\/index.php\/wp-json\/wp\/v2\/types\/page"}],"author":[{"embeddable":true,"href":"https:\/\/uusi.matkapeura.fi\/index.php\/wp-json\/wp\/v2\/users\/1"}],"replies":[{"embeddable":true,"href":"https:\/\/uusi.matkapeura.fi\/index.php\/wp-json\/wp\/v2\/comments?post=136"}],"version-history":[{"count":50,"href":"https:\/\/uusi.matkapeura.fi\/index.php\/wp-json\/wp\/v2\/pages\/136\/revisions"}],"predecessor-version":[{"id":1056,"href":"https:\/\/uusi.matkapeura.fi\/index.php\/wp-json\/wp\/v2\/pages\/136\/revisions\/1056"}],"up":[{"embeddable":true,"href":"https:\/\/uusi.matkapeura.fi\/index.php\/wp-json\/wp\/v2\/pages\/122"}],"wp:attachment":[{"href":"https:\/\/uusi.matkapeura.fi\/index.php\/wp-json\/wp\/v2\/media?parent=136"}],"curies":[{"name":"wp","href":"https:\/\/api.w.org\/{rel}","templated":true}]}}