{"id":128,"date":"2023-09-16T16:45:18","date_gmt":"2023-09-16T16:45:18","guid":{"rendered":"https:\/\/uusi.matkapeura.fi\/?page_id=128"},"modified":"2024-01-10T11:58:49","modified_gmt":"2024-01-10T11:58:49","slug":"yritys","status":"publish","type":"page","link":"https:\/\/uusi.matkapeura.fi\/index.php\/yritys\/","title":{"rendered":"Yritys"},"content":{"rendered":"<style>\/*! elementor - v3.18.0 - 20-12-2023 *\/<br \/>\n.elementor-heading-title{padding:0;margin:0;line-height:1}.elementor-widget-heading .elementor-heading-title[class*=elementor-size-]>a{color:inherit;font-size:inherit;line-height:inherit}.elementor-widget-heading .elementor-heading-title.elementor-size-small{font-size:15px}.elementor-widget-heading .elementor-heading-title.elementor-size-medium{font-size:19px}.elementor-widget-heading .elementor-heading-title.elementor-size-large{font-size:29px}.elementor-widget-heading .elementor-heading-title.elementor-size-xl{font-size:39px}.elementor-widget-heading .elementor-heading-title.elementor-size-xxl{font-size:59px}<\/style>\n<h1>Yritys<\/h1>\n<h2>Peuran Liikenne Ky \/ MatkaPeura on monipuolinen matkatoimistopalvelujen tarjoaja Etel\u00e4-Pohjanmaalla.<\/h2>\n<p>Historian havina yrityksess\u00e4mme ulottuu 50-luvulle saakka, jolloin yrityksen perustaja Toivo Peura lausui firman syntysanat. Vahvojen perinteiden ja ammattitaitomme ansiosta olemme palvelleet asiakkaita vuodesta 1956 saakka.<\/p>\n<h2>Bussiliikenne on t\u00e4rke\u00e4 osa jokap\u00e4iv\u00e4ist\u00e4 yritystoimintaamme.<\/h2>\n<p>Reittiliikenteemme toimii entisen Vaasanl\u00e4\u00e4nin alueella ja t\u00e4m\u00e4n lis\u00e4ksi MatkaPeuran tilausajot kohdistuvat retkin\u00e4 kotimaahan, matkoina Viroon, Ruotsiin sek\u00e4 muualle Eurooppaan. Ja koska bussitoimintamme on vilkasta, erikokoisia busseja l\u00f6ytyy joka l\u00e4ht\u00f6\u00f6n: 16-paikkaisesta minibussista 60-paikkaiseen bussiin.<\/p>\n<p>Yhti\u00f6mme p\u00e4\u00e4konttori sijaitsee Soinissa.<\/p>\n<style>\/*! elementor - v3.18.0 - 20-12-2023 *\/<br \/>\n.elementor-widget-image{text-align:center}.elementor-widget-image a{display:inline-block}.elementor-widget-image a img[src$=\".svg\"]{width:48px}.elementor-widget-image img{vertical-align:middle;display:inline-block}<\/style>\n<p><img fetchpriority=\"high\" decoding=\"async\" src=\"https:\/\/uusi.matkapeura.fi\/wp-content\/uploads\/2023\/09\/BussimmeSeinjoella.jpg\" sizes=\"(max-width: 1352px) 100vw, 1352px\" srcset=\"https:\/\/uusi.matkapeura.fi\/wp-content\/uploads\/2023\/09\/BussimmeSeinjoella.jpg 1352w, https:\/\/uusi.matkapeura.fi\/wp-content\/uploads\/2023\/09\/BussimmeSeinjoella-300x200.jpg 300w, https:\/\/uusi.matkapeura.fi\/wp-content\/uploads\/2023\/09\/BussimmeSeinjoella-1024x682.jpg 1024w, https:\/\/uusi.matkapeura.fi\/wp-content\/uploads\/2023\/09\/BussimmeSeinjoella-768x512.jpg 768w\" alt=\"Bussimme Seinj\u00e4oella\" width=\"1352\" height=\"901\" \/><\/p>\n","protected":false},"excerpt":{"rendered":"<p>Yritys Peuran Liikenne Ky \/ MatkaPeura on monipuolinen matkatoimistopalvelujen tarjoaja Etel\u00e4-Pohjanmaalla. Historian havina yrityksess\u00e4mme ulottuu 50-luvulle saakka, jolloin yrityksen perustaja Toivo Peura lausui firman syntysanat. Vahvojen perinteiden ja ammattitaitomme ansiosta olemme palvelleet asiakkaita vuodesta 1956 saakka. Bussiliikenne on t\u00e4rke\u00e4 osa jokap\u00e4iv\u00e4ist\u00e4 yritystoimintaamme. Reittiliikenteemme toimii entisen Vaasanl\u00e4\u00e4nin alueella ja t\u00e4m\u00e4n lis\u00e4ksi MatkaPeuran tilausajot kohdistuvat retkin\u00e4 kotimaahan, [&hellip;]<\/p>\n","protected":false},"author":1,"featured_media":0,"parent":0,"menu_order":0,"comment_status":"closed","ping_status":"closed","template":"","meta":{"site-sidebar-layout":"no-sidebar","site-content-layout":"","ast-site-content-layout":"full-width-container","site-content-style":"default","site-sidebar-style":"default","ast-global-header-display":"","ast-banner-title-visibility":"","ast-main-header-display":"","ast-hfb-above-header-display":"","ast-hfb-below-header-display":"","ast-hfb-mobile-header-display":"","site-post-title":"disabled","ast-breadcrumbs-content":"","ast-featured-img":"disabled","footer-sml-layout":"","theme-transparent-header-meta":"","adv-header-id-meta":"","stick-header-meta":"","header-above-stick-meta":"","header-main-stick-meta":"","header-below-stick-meta":"","astra-migrate-meta-layouts":"default","ast-page-background-enabled":"default","ast-page-background-meta":{"desktop":{"background-color":"var(--ast-global-color-4)","background-image":"","background-repeat":"repeat","background-position":"center center","background-size":"auto","background-attachment":"scroll","background-type":"","background-media":"","overlay-type":"","overlay-color":"","overlay-gradient":""},"tablet":{"background-color":"","background-image":"","background-repeat":"repeat","background-position":"center center","background-size":"auto","background-attachment":"scroll","background-type":"","background-media":"","overlay-type":"","overlay-color":"","overlay-gradient":""},"mobile":{"background-color":"","background-image":"","background-repeat":"repeat","background-position":"center center","background-size":"auto","background-attachment":"scroll","background-type":"","background-media":"","overlay-type":"","overlay-color":"","overlay-gradient":""}},"ast-content-background-meta":{"desktop":{"background-color":"var(--ast-global-color-5)","background-image":"","background-repeat":"repeat","background-position":"center center","background-size":"auto","background-attachment":"scroll","background-type":"","background-media":"","overlay-type":"","overlay-color":"","overlay-gradient":""},"tablet":{"background-color":"var(--ast-global-color-5)","background-image":"","background-repeat":"repeat","background-position":"center center","background-size":"auto","background-attachment":"scroll","background-type":"","background-media":"","overlay-type":"","overlay-color":"","overlay-gradient":""},"mobile":{"background-color":"var(--ast-global-color-5)","background-image":"","background-repeat":"repeat","background-position":"center center","background-size":"auto","background-attachment":"scroll","background-type":"","background-media":"","overlay-type":"","overlay-color":"","overlay-gradient":""}},"footnotes":""},"_links":{"self":[{"href":"https:\/\/uusi.matkapeura.fi\/index.php\/wp-json\/wp\/v2\/pages\/128"}],"collection":[{"href":"https:\/\/uusi.matkapeura.fi\/index.php\/wp-json\/wp\/v2\/pages"}],"about":[{"href":"https:\/\/uusi.matkapeura.fi\/index.php\/wp-json\/wp\/v2\/types\/page"}],"author":[{"embeddable":true,"href":"https:\/\/uusi.matkapeura.fi\/index.php\/wp-json\/wp\/v2\/users\/1"}],"replies":[{"embeddable":true,"href":"https:\/\/uusi.matkapeura.fi\/index.php\/wp-json\/wp\/v2\/comments?post=128"}],"version-history":[{"count":26,"href":"https:\/\/uusi.matkapeura.fi\/index.php\/wp-json\/wp\/v2\/pages\/128\/revisions"}],"predecessor-version":[{"id":1189,"href":"https:\/\/uusi.matkapeura.fi\/index.php\/wp-json\/wp\/v2\/pages\/128\/revisions\/1189"}],"wp:attachment":[{"href":"https:\/\/uusi.matkapeura.fi\/index.php\/wp-json\/wp\/v2\/media?parent=128"}],"curies":[{"name":"wp","href":"https:\/\/api.w.org\/{rel}","templated":true}]}}