{"id":1194,"date":"2024-01-10T14:40:59","date_gmt":"2024-01-10T14:40:59","guid":{"rendered":"https:\/\/uusi.matkapeura.fi\/?page_id=1194"},"modified":"2024-01-10T15:20:20","modified_gmt":"2024-01-10T15:20:20","slug":"laatulupaus","status":"publish","type":"page","link":"https:\/\/uusi.matkapeura.fi\/index.php\/yritys\/laatulupaus\/","title":{"rendered":"Laatulupaus"},"content":{"rendered":"\t\t<div data-elementor-type=\"wp-page\" data-elementor-id=\"1194\" class=\"elementor elementor-1194\" data-elementor-post-type=\"page\">\n\t\t\t\t<div class=\"elementor-element elementor-element-2bd82a8 e-flex e-con-boxed e-con e-parent\" data-id=\"2bd82a8\" data-element_type=\"container\">\n\t\t\t\t\t<div class=\"e-con-inner\">\n\t\t\t\t<div class=\"elementor-element elementor-element-b1481bc elementor-widget elementor-widget-heading\" data-id=\"b1481bc\" data-element_type=\"widget\" data-widget_type=\"heading.default\">\n\t\t\t\t<div class=\"elementor-widget-container\">\n\t\t\t\t\t<h2 class=\"elementor-heading-title elementor-size-default\">Laatulupaus<\/h2>\t\t\t\t<\/div>\n\t\t\t\t<\/div>\n\t\t\t\t\t<\/div>\n\t\t\t\t<\/div>\n\t\t<div class=\"elementor-element elementor-element-ebd2133 e-flex e-con-boxed e-con e-parent\" data-id=\"ebd2133\" data-element_type=\"container\">\n\t\t\t\t\t<div class=\"e-con-inner\">\n\t\t\t\t<div class=\"elementor-element elementor-element-c9e6c5c elementor-widget elementor-widget-text-editor\" data-id=\"c9e6c5c\" data-element_type=\"widget\" data-widget_type=\"text-editor.default\">\n\t\t\t\t<div class=\"elementor-widget-container\">\n\t\t\t\t\t\t\t\t\t<p>\u00a0<\/p><h3>Tarjottavat liikennepalvelut<\/h3><p>Peuran Liikenne tarjoaa aikataulun mukaisia reittiliikennepalveluja 15 kunnan alueella sek\u00e4 erillisi\u00e4 koululaiskuljetuksia. Lis\u00e4ksi tilausliikennepalveluja asiakkaiden tilausten mukaisesti sek\u00e4 Suomessa ett\u00e4 ulkomailla. Liikenneyhti\u00f6 toimii my\u00f6s matkatoimistona.<\/p><h3>Palveluista sek\u00e4 niiden muutoksista ja peruutuksista tiedottaminen<\/h3><p>Palveluistamme ja niiden muutoksista tiedotamme joko ilmoittamalla suoraan asiakkaille, s\u00e4hk\u00f6postilla tai nettisivuillamme www.matkapeura.fi<\/p><h3>K\u00e4yt\u00f6ss\u00e4 olevat liput ja niiden hinnat<\/h3><p>K\u00e4yt\u00f6ss\u00e4mme on Oy Matkahuolto AB:n liput ja hinnat. Tiedot lipuista ja hinnoista l\u00f6ytyy osoitteesta www.matkahuolto.fi<\/p><p>Hyv\u00e4ksymme maksuv\u00e4lineen\u00e4 kaikki Matkahuollon lipputuotteet sek\u00e4 k\u00e4teisen rahan.<\/p><h3>Informaatio- ja lippuj\u00e4rjestelmiin kuuluminen<\/h3><p><span style=\"font-style: inherit; font-weight: inherit; text-align: var(--text-align); background-color: var(--ast-global-color-5); color: var(--ast-global-color-3);\">K\u00e4yt\u00f6ss\u00e4mme on Oy Matkahuolto Ab:n info- ja lippuj\u00e4rjestelm\u00e4t.<\/span><\/p><h3>K\u00e4yt\u00f6ss\u00e4 olevat ajoneuvot<\/h3><p>K\u00e4yt\u00f6ss\u00e4mme on 28 bussia, paikkam\u00e4\u00e4r\u00e4lt\u00e4\u00e4n 16-60 paikkaa. Niist\u00e4 1 matalalattia pikkubussi, 1 iso ja 1 pieni hissibussi. Suurin osa autoistamme on tilausajovarusteltuja, varusteina mm. ilmastointi, WC, DVD, turvavy\u00f6t.<\/p><p>Liikenteess\u00e4 k\u00e4yt\u00e4mme eri tarkoituksiin parhaiten sopivia linja-autoja.<\/p><p>Kuljettajamme avustavat tarvittaessa liikuntarajoitteisia ja muitakin matkustajia.<\/p><h3>Ymp\u00e4rist\u00f6yst\u00e4v\u00e4llisyys toiminnassamme<\/h3><p>Olemme ymp\u00e4rist\u00f6asioissa tavoitetietoisia ja tuloshakuisia. Toimimme vastuullisesti ja kannattavasti sek\u00e4 parannamme toimintaamme jatkuvasti. Jatkuva kehitys on keskeist\u00e4 ymp\u00e4rist\u00f6tavoitteiden saavuttamiseksi.Tavoitteenamme on s\u00e4\u00e4st\u00e4\u00e4 energiaa v\u00e4hint\u00e4\u00e4n 1 % vuosittain.<\/p><h3>Asiakastyytyv\u00e4isyyden mittaaminen<\/h3><p><span style=\"font-style: inherit; font-weight: inherit; text-align: var(--text-align); background-color: var(--ast-global-color-5); color: var(--ast-global-color-3);\">Asiakas tyytyv\u00e4isyytt\u00e4 mitataan busseissa suoritetuin satunnaisin asiakaskyselyin.<\/span><\/p><p>Palautetta toiminnastamme voi antaa parhaiten s\u00e4hk\u00f6postitse osoitteeseen: myynti@matkapeura.fi<br \/>Seuraamme jatkuvasti asiakaspalautteita ja korjaamme niiden perusteella toimintaamme.<\/p><h3>Valitusten k\u00e4sittely<\/h3><p>Valitukset k\u00e4sittelemme luottamuksellisesti ja tapauskohtaisesti.<\/p>\t\t\t\t\t\t\t\t<\/div>\n\t\t\t\t<\/div>\n\t\t\t\t\t<\/div>\n\t\t\t\t<\/div>\n\t\t\t\t<\/div>\n\t\t","protected":false},"excerpt":{"rendered":"<p>Laatulupaus \u00a0 Tarjottavat liikennepalvelut Peuran Liikenne tarjoaa aikataulun mukaisia reittiliikennepalveluja 15 kunnan alueella sek\u00e4 erillisi\u00e4 koululaiskuljetuksia. Lis\u00e4ksi tilausliikennepalveluja asiakkaiden tilausten mukaisesti sek\u00e4 Suomessa ett\u00e4 ulkomailla. Liikenneyhti\u00f6 toimii my\u00f6s matkatoimistona. Palveluista sek\u00e4 niiden muutoksista ja peruutuksista tiedottaminen Palveluistamme ja niiden muutoksista tiedotamme joko ilmoittamalla suoraan asiakkaille, s\u00e4hk\u00f6postilla tai nettisivuillamme www.matkapeura.fi K\u00e4yt\u00f6ss\u00e4 olevat liput ja niiden hinnat [&hellip;]<\/p>\n","protected":false},"author":1,"featured_media":0,"parent":128,"menu_order":0,"comment_status":"closed","ping_status":"closed","template":"","meta":{"site-sidebar-layout":"no-sidebar","site-content-layout":"","ast-site-content-layout":"full-width-container","site-content-style":"default","site-sidebar-style":"default","ast-global-header-display":"","ast-banner-title-visibility":"","ast-main-header-display":"","ast-hfb-above-header-display":"","ast-hfb-below-header-display":"","ast-hfb-mobile-header-display":"","site-post-title":"disabled","ast-breadcrumbs-content":"","ast-featured-img":"disabled","footer-sml-layout":"","theme-transparent-header-meta":"","adv-header-id-meta":"","stick-header-meta":"","header-above-stick-meta":"","header-main-stick-meta":"","header-below-stick-meta":"","astra-migrate-meta-layouts":"default","ast-page-background-enabled":"default","ast-page-background-meta":{"desktop":{"background-color":"var(--ast-global-color-4)","background-image":"","background-repeat":"repeat","background-position":"center center","background-size":"auto","background-attachment":"scroll","background-type":"","background-media":"","overlay-type":"","overlay-color":"","overlay-gradient":""},"tablet":{"background-color":"","background-image":"","background-repeat":"repeat","background-position":"center center","background-size":"auto","background-attachment":"scroll","background-type":"","background-media":"","overlay-type":"","overlay-color":"","overlay-gradient":""},"mobile":{"background-color":"","background-image":"","background-repeat":"repeat","background-position":"center center","background-size":"auto","background-attachment":"scroll","background-type":"","background-media":"","overlay-type":"","overlay-color":"","overlay-gradient":""}},"ast-content-background-meta":{"desktop":{"background-color":"var(--ast-global-color-5)","background-image":"","background-repeat":"repeat","background-position":"center center","background-size":"auto","background-attachment":"scroll","background-type":"","background-media":"","overlay-type":"","overlay-color":"","overlay-gradient":""},"tablet":{"background-color":"var(--ast-global-color-5)","background-image":"","background-repeat":"repeat","background-position":"center center","background-size":"auto","background-attachment":"scroll","background-type":"","background-media":"","overlay-type":"","overlay-color":"","overlay-gradient":""},"mobile":{"background-color":"var(--ast-global-color-5)","background-image":"","background-repeat":"repeat","background-position":"center center","background-size":"auto","background-attachment":"scroll","background-type":"","background-media":"","overlay-type":"","overlay-color":"","overlay-gradient":""}},"footnotes":""},"_links":{"self":[{"href":"https:\/\/uusi.matkapeura.fi\/index.php\/wp-json\/wp\/v2\/pages\/1194"}],"collection":[{"href":"https:\/\/uusi.matkapeura.fi\/index.php\/wp-json\/wp\/v2\/pages"}],"about":[{"href":"https:\/\/uusi.matkapeura.fi\/index.php\/wp-json\/wp\/v2\/types\/page"}],"author":[{"embeddable":true,"href":"https:\/\/uusi.matkapeura.fi\/index.php\/wp-json\/wp\/v2\/users\/1"}],"replies":[{"embeddable":true,"href":"https:\/\/uusi.matkapeura.fi\/index.php\/wp-json\/wp\/v2\/comments?post=1194"}],"version-history":[{"count":19,"href":"https:\/\/uusi.matkapeura.fi\/index.php\/wp-json\/wp\/v2\/pages\/1194\/revisions"}],"predecessor-version":[{"id":1215,"href":"https:\/\/uusi.matkapeura.fi\/index.php\/wp-json\/wp\/v2\/pages\/1194\/revisions\/1215"}],"up":[{"embeddable":true,"href":"https:\/\/uusi.matkapeura.fi\/index.php\/wp-json\/wp\/v2\/pages\/128"}],"wp:attachment":[{"href":"https:\/\/uusi.matkapeura.fi\/index.php\/wp-json\/wp\/v2\/media?parent=1194"}],"curies":[{"name":"wp","href":"https:\/\/api.w.org\/{rel}","templated":true}]}}