{"id":1098,"date":"2024-01-03T08:42:59","date_gmt":"2024-01-03T08:42:59","guid":{"rendered":"https:\/\/uusi.matkapeura.fi\/?page_id=1098"},"modified":"2024-01-03T08:46:49","modified_gmt":"2024-01-03T08:46:49","slug":"saarijarvi-jyvaskyla-petajavesi-jyvaskyla","status":"publish","type":"page","link":"https:\/\/uusi.matkapeura.fi\/index.php\/saarijarvi-jyvaskyla-petajavesi-jyvaskyla\/","title":{"rendered":"Saarij\u00e4rvi-Jyv\u00e4skyl\u00e4, Pet\u00e4j\u00e4vesi-Jyv\u00e4skyl\u00e4"},"content":{"rendered":"\t\t<div data-elementor-type=\"wp-page\" data-elementor-id=\"1098\" class=\"elementor elementor-1098\" data-elementor-post-type=\"page\">\n\t\t\t\t<div class=\"elementor-element elementor-element-d767838 e-flex e-con-boxed e-con e-parent\" data-id=\"d767838\" data-element_type=\"container\">\n\t\t\t\t\t<div class=\"e-con-inner\">\n\t\t\t\t<div class=\"elementor-element elementor-element-e14ce11 elementor-widget elementor-widget-heading\" data-id=\"e14ce11\" data-element_type=\"widget\" data-widget_type=\"heading.default\">\n\t\t\t\t<div class=\"elementor-widget-container\">\n\t\t\t\t\t<h2 class=\"elementor-heading-title elementor-size-default\">Saarij\u00e4rvi-Jyv\u00e4skyl\u00e4, Pet\u00e4j\u00e4vesi-Jyv\u00e4skyl\u00e4<br><\/h2>\t\t\t\t<\/div>\n\t\t\t\t<\/div>\n\t\t\t\t<div class=\"elementor-element elementor-element-81d280f elementor-widget elementor-widget-text-editor\" data-id=\"81d280f\" data-element_type=\"widget\" data-widget_type=\"text-editor.default\">\n\t\t\t\t<div class=\"elementor-widget-container\">\n\t\t\t\t\t\t\t\t\t<p>KOULUP\u00c4IVIN\u00c4 <br>Maanantai &#8211; Perjantai <br>Voimassa ajalla 10.8.2022 &#8211; 14.10.2022, 24.10.2022 &#8211; 23.12.2022, 9.1.2023 &#8211; 24.2.2023, 6.3.2023 &#8211; 2.6.2023 <\/p><p>\n<table id=\"tablepress-18\" class=\"tablepress tablepress-id-18\">\n<thead>\n<tr class=\"row-1\">\n\t<th class=\"column-1\">Saarij\u00e4rvi<\/th><th class=\"column-2\">6.30<\/th><th class=\"column-3\">Jyv\u00e4skyl\u00e4<\/th><th class=\"column-4\">8.00<\/th><th class=\"column-5\">Saarij\u00e4rvi<\/th><th class=\"column-6\">10.35<\/th><th class=\"column-7\">Jyv\u00e4skyl\u00e4\u00a0<\/th><th class=\"column-8\">12.50<\/th><th class=\"column-9\">Pet\u00e4j\u00e4vesi\u00a0<\/th><th class=\"column-10\">14.15<\/th><th class=\"column-11\">Jyv\u00e4skyl\u00e4<\/th><th class=\"column-12\">15.35<\/th><th class=\"column-13\">Saarij\u00e4rvi <\/th><th class=\"column-14\">14.10<\/th><th class=\"column-15\">Saarij\u00e4rvi<\/th><th class=\"column-16\">16.40<\/th><th class=\"column-17\">Jyv\u00e4skyl\u00e4<\/th><th class=\"column-18\">19.15<\/th>\n<\/tr>\n<\/thead>\n<tbody class=\"row-striping\">\n<tr class=\"row-2\">\n\t<td class=\"column-1\">Hirvaskangas<\/td><td class=\"column-2\">7.00<\/td><td class=\"column-3\">Uurainen<\/td><td class=\"column-4\">8.45<\/td><td class=\"column-5\">Uurainen<\/td><td class=\"column-6\">11.05<\/td><td class=\"column-7\">Pet\u00e4j\u00e4vesi<\/td><td class=\"column-8\">13.30<\/td><td class=\"column-9\">Jyv\u00e4skyl\u00e4<\/td><td class=\"column-10\">15.00<\/td><td class=\"column-11\">Uurainen<\/td><td class=\"column-12\">16.25<\/td><td class=\"column-13\">Kalmari <\/td><td class=\"column-14\">14.40<\/td><td class=\"column-15\">Uurainen<\/td><td class=\"column-16\">17.10<\/td><td class=\"column-17\">Uurainen<\/td><td class=\"column-18\">20.05<\/td>\n<\/tr>\n<tr class=\"row-3\">\n\t<td class=\"column-1\">Jyv\u00e4skyl\u00e4<\/td><td class=\"column-2\">7.45<\/td><td class=\"column-3\">Saarij\u00e4rvi<\/td><td class=\"column-4\">9.20<\/td><td class=\"column-5\">Jyv\u00e4skyl\u00e4\u00a0<\/td><td class=\"column-6\">11.50<\/td><td class=\"column-7\"><\/td><td class=\"column-8\"><\/td><td class=\"column-9\"><\/td><td class=\"column-10\"><\/td><td class=\"column-11\">Saarij\u00e4rvi<\/td><td class=\"column-12\">16.55<\/td><td class=\"column-13\">Leipolampi<\/td><td class=\"column-14\">14.45<\/td><td class=\"column-15\">Jyv\u00e4skyl\u00e4<\/td><td class=\"column-16\">18.00<\/td><td class=\"column-17\">Saarij\u00e4rvi<\/td><td class=\"column-18\">20.35<\/td>\n<\/tr>\n<\/tbody>\n<\/table>\n<!-- #tablepress-18 from cache --><br><\/p>\t\t\t\t\t\t\t\t<\/div>\n\t\t\t\t<\/div>\n\t\t\t\t\t<\/div>\n\t\t\t\t<\/div>\n\t\t\t\t<\/div>\n\t\t","protected":false},"excerpt":{"rendered":"<p>Saarij\u00e4rvi-Jyv\u00e4skyl\u00e4, Pet\u00e4j\u00e4vesi-Jyv\u00e4skyl\u00e4 KOULUP\u00c4IVIN\u00c4 Maanantai &#8211; Perjantai Voimassa ajalla 10.8.2022 &#8211; 14.10.2022, 24.10.2022 &#8211; 23.12.2022, 9.1.2023 &#8211; 24.2.2023, 6.3.2023 &#8211; 2.6.2023<\/p>\n","protected":false},"author":1,"featured_media":0,"parent":0,"menu_order":0,"comment_status":"closed","ping_status":"closed","template":"","meta":{"site-sidebar-layout":"no-sidebar","site-content-layout":"","ast-site-content-layout":"full-width-container","site-content-style":"default","site-sidebar-style":"default","ast-global-header-display":"","ast-banner-title-visibility":"","ast-main-header-display":"","ast-hfb-above-header-display":"","ast-hfb-below-header-display":"","ast-hfb-mobile-header-display":"","site-post-title":"disabled","ast-breadcrumbs-content":"","ast-featured-img":"disabled","footer-sml-layout":"","theme-transparent-header-meta":"","adv-header-id-meta":"","stick-header-meta":"","header-above-stick-meta":"","header-main-stick-meta":"","header-below-stick-meta":"","astra-migrate-meta-layouts":"default","ast-page-background-enabled":"default","ast-page-background-meta":{"desktop":{"background-color":"var(--ast-global-color-4)","background-image":"","background-repeat":"repeat","background-position":"center center","background-size":"auto","background-attachment":"scroll","background-type":"","background-media":"","overlay-type":"","overlay-color":"","overlay-gradient":""},"tablet":{"background-color":"","background-image":"","background-repeat":"repeat","background-position":"center center","background-size":"auto","background-attachment":"scroll","background-type":"","background-media":"","overlay-type":"","overlay-color":"","overlay-gradient":""},"mobile":{"background-color":"","background-image":"","background-repeat":"repeat","background-position":"center center","background-size":"auto","background-attachment":"scroll","background-type":"","background-media":"","overlay-type":"","overlay-color":"","overlay-gradient":""}},"ast-content-background-meta":{"desktop":{"background-color":"var(--ast-global-color-5)","background-image":"","background-repeat":"repeat","background-position":"center center","background-size":"auto","background-attachment":"scroll","background-type":"","background-media":"","overlay-type":"","overlay-color":"","overlay-gradient":""},"tablet":{"background-color":"var(--ast-global-color-5)","background-image":"","background-repeat":"repeat","background-position":"center center","background-size":"auto","background-attachment":"scroll","background-type":"","background-media":"","overlay-type":"","overlay-color":"","overlay-gradient":""},"mobile":{"background-color":"var(--ast-global-color-5)","background-image":"","background-repeat":"repeat","background-position":"center center","background-size":"auto","background-attachment":"scroll","background-type":"","background-media":"","overlay-type":"","overlay-color":"","overlay-gradient":""}},"footnotes":""},"_links":{"self":[{"href":"https:\/\/uusi.matkapeura.fi\/index.php\/wp-json\/wp\/v2\/pages\/1098"}],"collection":[{"href":"https:\/\/uusi.matkapeura.fi\/index.php\/wp-json\/wp\/v2\/pages"}],"about":[{"href":"https:\/\/uusi.matkapeura.fi\/index.php\/wp-json\/wp\/v2\/types\/page"}],"author":[{"embeddable":true,"href":"https:\/\/uusi.matkapeura.fi\/index.php\/wp-json\/wp\/v2\/users\/1"}],"replies":[{"embeddable":true,"href":"https:\/\/uusi.matkapeura.fi\/index.php\/wp-json\/wp\/v2\/comments?post=1098"}],"version-history":[{"count":9,"href":"https:\/\/uusi.matkapeura.fi\/index.php\/wp-json\/wp\/v2\/pages\/1098\/revisions"}],"predecessor-version":[{"id":1110,"href":"https:\/\/uusi.matkapeura.fi\/index.php\/wp-json\/wp\/v2\/pages\/1098\/revisions\/1110"}],"wp:attachment":[{"href":"https:\/\/uusi.matkapeura.fi\/index.php\/wp-json\/wp\/v2\/media?parent=1098"}],"curies":[{"name":"wp","href":"https:\/\/api.w.org\/{rel}","templated":true}]}}