{"id":1075,"date":"2024-01-03T08:29:07","date_gmt":"2024-01-03T08:29:07","guid":{"rendered":"https:\/\/uusi.matkapeura.fi\/?page_id=1075"},"modified":"2024-01-03T08:33:28","modified_gmt":"2024-01-03T08:33:28","slug":"isokyro-seinajoki-isokyro-seinajoki-ylistaro-seinajoki","status":"publish","type":"page","link":"https:\/\/uusi.matkapeura.fi\/index.php\/palvelut\/koulukuljetukset\/isokyro-seinajoki-isokyro-seinajoki-ylistaro-seinajoki\/","title":{"rendered":"Isokyr\u00f6-Sein\u00e4joki-Isokyr\u00f6, Sein\u00e4joki-Ylistaro-Sein\u00e4joki"},"content":{"rendered":"\t\t<div data-elementor-type=\"wp-page\" data-elementor-id=\"1075\" class=\"elementor elementor-1075\" data-elementor-post-type=\"page\">\n\t\t\t\t<div class=\"elementor-element elementor-element-0aacf25 e-flex e-con-boxed e-con e-parent\" data-id=\"0aacf25\" data-element_type=\"container\">\n\t\t\t\t\t<div class=\"e-con-inner\">\n\t\t\t\t<div class=\"elementor-element elementor-element-a16bdfc elementor-widget elementor-widget-heading\" data-id=\"a16bdfc\" data-element_type=\"widget\" data-widget_type=\"heading.default\">\n\t\t\t\t<div class=\"elementor-widget-container\">\n\t\t\t\t\t<h2 class=\"elementor-heading-title elementor-size-default\">Isokyr\u00f6-Sein\u00e4joki-Isokyr\u00f6, Sein\u00e4joki-Ylistaro-Sein\u00e4joki<\/h2>\t\t\t\t<\/div>\n\t\t\t\t<\/div>\n\t\t\t\t<div class=\"elementor-element elementor-element-64735d0 elementor-widget elementor-widget-text-editor\" data-id=\"64735d0\" data-element_type=\"widget\" data-widget_type=\"text-editor.default\">\n\t\t\t\t<div class=\"elementor-widget-container\">\n\t\t\t\t\t\t\t\t\t<p>KOULUVUODEN AIKANA <br>Maanantai &#8211; Perjantai <br>Voimassa ajalla 2.8.2023 &#8211; 31.5.2024 <\/p><p>\n<table id=\"tablepress-16\" class=\"tablepress tablepress-id-16\">\n<thead>\n<tr class=\"row-1\">\n\t<th class=\"column-1\">Isokyr\u00f6<\/th><th class=\"column-2\">6.40<\/th><th class=\"column-3\">Sein\u00e4joki <\/th><th class=\"column-4\">7.35<\/th><th class=\"column-5\">Ylistaro <\/th><th class=\"column-6\">14.40<\/th><th class=\"column-7\">Sein\u00e4joki<\/th><th class=\"column-8\">16.05<\/th>\n<\/tr>\n<\/thead>\n<tbody class=\"row-striping\">\n<tr class=\"row-2\">\n\t<td class=\"column-1\">Ylistaro <\/td><td class=\"column-2\">6.55<\/td><td class=\"column-3\">Ylistaro <\/td><td class=\"column-4\">8.00<\/td><td class=\"column-5\">Sein\u00e4joki<\/td><td class=\"column-6\">15.10<\/td><td class=\"column-7\">Ylistaro <\/td><td class=\"column-8\">16.30<\/td>\n<\/tr>\n<tr class=\"row-3\">\n\t<td class=\"column-1\">Sein\u00e4joki <\/td><td class=\"column-2\">7.30<\/td><td class=\"column-3\"><\/td><td class=\"column-4\"><\/td><td class=\"column-5\"><\/td><td class=\"column-6\"><\/td><td class=\"column-7\">Isokyr\u00f6<\/td><td class=\"column-8\">16.45<\/td>\n<\/tr>\n<\/tbody>\n<\/table>\n<br><\/p>\t\t\t\t\t\t\t\t<\/div>\n\t\t\t\t<\/div>\n\t\t\t\t\t<\/div>\n\t\t\t\t<\/div>\n\t\t\t\t<\/div>\n\t\t","protected":false},"excerpt":{"rendered":"<p>Isokyr\u00f6-Sein\u00e4joki-Isokyr\u00f6, Sein\u00e4joki-Ylistaro-Sein\u00e4joki KOULUVUODEN AIKANA Maanantai &#8211; Perjantai Voimassa ajalla 2.8.2023 &#8211; 31.5.2024<\/p>\n","protected":false},"author":1,"featured_media":0,"parent":136,"menu_order":0,"comment_status":"closed","ping_status":"closed","template":"","meta":{"site-sidebar-layout":"no-sidebar","site-content-layout":"","ast-site-content-layout":"full-width-container","site-content-style":"default","site-sidebar-style":"default","ast-global-header-display":"","ast-banner-title-visibility":"","ast-main-header-display":"","ast-hfb-above-header-display":"","ast-hfb-below-header-display":"","ast-hfb-mobile-header-display":"","site-post-title":"disabled","ast-breadcrumbs-content":"","ast-featured-img":"disabled","footer-sml-layout":"","theme-transparent-header-meta":"","adv-header-id-meta":"","stick-header-meta":"","header-above-stick-meta":"","header-main-stick-meta":"","header-below-stick-meta":"","astra-migrate-meta-layouts":"default","ast-page-background-enabled":"default","ast-page-background-meta":{"desktop":{"background-color":"var(--ast-global-color-4)","background-image":"","background-repeat":"repeat","background-position":"center center","background-size":"auto","background-attachment":"scroll","background-type":"","background-media":"","overlay-type":"","overlay-color":"","overlay-gradient":""},"tablet":{"background-color":"","background-image":"","background-repeat":"repeat","background-position":"center center","background-size":"auto","background-attachment":"scroll","background-type":"","background-media":"","overlay-type":"","overlay-color":"","overlay-gradient":""},"mobile":{"background-color":"","background-image":"","background-repeat":"repeat","background-position":"center center","background-size":"auto","background-attachment":"scroll","background-type":"","background-media":"","overlay-type":"","overlay-color":"","overlay-gradient":""}},"ast-content-background-meta":{"desktop":{"background-color":"var(--ast-global-color-5)","background-image":"","background-repeat":"repeat","background-position":"center center","background-size":"auto","background-attachment":"scroll","background-type":"","background-media":"","overlay-type":"","overlay-color":"","overlay-gradient":""},"tablet":{"background-color":"var(--ast-global-color-5)","background-image":"","background-repeat":"repeat","background-position":"center center","background-size":"auto","background-attachment":"scroll","background-type":"","background-media":"","overlay-type":"","overlay-color":"","overlay-gradient":""},"mobile":{"background-color":"var(--ast-global-color-5)","background-image":"","background-repeat":"repeat","background-position":"center center","background-size":"auto","background-attachment":"scroll","background-type":"","background-media":"","overlay-type":"","overlay-color":"","overlay-gradient":""}},"footnotes":""},"_links":{"self":[{"href":"https:\/\/uusi.matkapeura.fi\/index.php\/wp-json\/wp\/v2\/pages\/1075"}],"collection":[{"href":"https:\/\/uusi.matkapeura.fi\/index.php\/wp-json\/wp\/v2\/pages"}],"about":[{"href":"https:\/\/uusi.matkapeura.fi\/index.php\/wp-json\/wp\/v2\/types\/page"}],"author":[{"embeddable":true,"href":"https:\/\/uusi.matkapeura.fi\/index.php\/wp-json\/wp\/v2\/users\/1"}],"replies":[{"embeddable":true,"href":"https:\/\/uusi.matkapeura.fi\/index.php\/wp-json\/wp\/v2\/comments?post=1075"}],"version-history":[{"count":7,"href":"https:\/\/uusi.matkapeura.fi\/index.php\/wp-json\/wp\/v2\/pages\/1075\/revisions"}],"predecessor-version":[{"id":1087,"href":"https:\/\/uusi.matkapeura.fi\/index.php\/wp-json\/wp\/v2\/pages\/1075\/revisions\/1087"}],"up":[{"embeddable":true,"href":"https:\/\/uusi.matkapeura.fi\/index.php\/wp-json\/wp\/v2\/pages\/136"}],"wp:attachment":[{"href":"https:\/\/uusi.matkapeura.fi\/index.php\/wp-json\/wp\/v2\/media?parent=1075"}],"curies":[{"name":"wp","href":"https:\/\/api.w.org\/{rel}","templated":true}]}}