{"id":1000,"date":"2024-01-02T14:34:05","date_gmt":"2024-01-02T14:34:05","guid":{"rendered":"https:\/\/uusi.matkapeura.fi\/?page_id=1000"},"modified":"2024-04-24T09:23:09","modified_gmt":"2024-04-24T09:23:09","slug":"alajarvi-vimpeli-lappajarvi","status":"publish","type":"page","link":"https:\/\/uusi.matkapeura.fi\/index.php\/alajarvi-vimpeli-lappajarvi\/","title":{"rendered":"Alaj\u00e4rvi-Vimpeli-Lappaj\u00e4rvi"},"content":{"rendered":"\t\t<div data-elementor-type=\"wp-page\" data-elementor-id=\"1000\" class=\"elementor elementor-1000\" data-elementor-post-type=\"page\">\n\t\t\t\t<div class=\"elementor-element elementor-element-628362f e-flex e-con-boxed e-con e-parent\" data-id=\"628362f\" data-element_type=\"container\">\n\t\t\t\t\t<div class=\"e-con-inner\">\n\t\t\t\t<div class=\"elementor-element elementor-element-4600d9e elementor-widget elementor-widget-heading\" data-id=\"4600d9e\" data-element_type=\"widget\" data-widget_type=\"heading.default\">\n\t\t\t\t<div class=\"elementor-widget-container\">\n\t\t\t\t\t<h2 class=\"elementor-heading-title elementor-size-default\">Alaj\u00e4rvi-Vimpeli-Lappaj\u00e4rvi<\/h2>\t\t\t\t<\/div>\n\t\t\t\t<\/div>\n\t\t\t\t<div class=\"elementor-element elementor-element-0e4d63c elementor-widget elementor-widget-text-editor\" data-id=\"0e4d63c\" data-element_type=\"widget\" data-widget_type=\"text-editor.default\">\n\t\t\t\t<div class=\"elementor-widget-container\">\n\t\t\t\t\t\t\t\t\t<p>KOULUP\u00c4IVIN\u00c4 <br>Maanantai &#8211; Perjantai <br>Voimassa ajalla 23.10.2023 &#8211; 21.12.2023, 8.1.2024 &#8211; 23.2.2024, 4.3.2024 &#8211; 31.5.2024 <br>Alaj\u00e4rvi &#8211; Vimpeli &#8211; Lappaj\u00e4rvi <\/p><p>\n<table id=\"tablepress-12\" class=\"tablepress tablepress-id-12\">\n<thead>\n<tr class=\"row-1\">\n\t<th class=\"column-1\">Vimpeli <\/th><th class=\"column-2\">7.00<\/th><th class=\"column-3\">Alaj\u00e4rvi <\/th><th class=\"column-4\">7.15<\/th><th class=\"column-5\">Lappaj\u00e4rvi<\/th><th class=\"column-6\">7.45<\/th><th class=\"column-7\">Alaj\u00e4rvi <\/th><th class=\"column-8\">13.00<\/th><th class=\"column-9\">Lappaj\u00e4rvi<\/th><th class=\"column-10\">14.00<\/th>\n<\/tr>\n<\/thead>\n<tbody class=\"row-striping\">\n<tr class=\"row-2\">\n\t<td class=\"column-1\">Isoniemi<\/td><td class=\"column-2\">7.19<\/td><td class=\"column-3\">Hoisko<\/td><td class=\"column-4\">7.23<\/td><td class=\"column-5\">It\u00e4kyl\u00e4<\/td><td class=\"column-6\">7.59<\/td><td class=\"column-7\">Hoisko <\/td><td class=\"column-8\">13.05<\/td><td class=\"column-9\">It\u00e4kyl\u00e4<\/td><td class=\"column-10\">14.14<\/td>\n<\/tr>\n<tr class=\"row-3\">\n\t<td class=\"column-1\">Kurejoki <\/td><td class=\"column-2\">7.39<\/td><td class=\"column-3\">Luoma-aho<\/td><td class=\"column-4\">7.28<\/td><td class=\"column-5\">Vimpeli<\/td><td class=\"column-6\">8.10 \/ 8.20<\/td><td class=\"column-7\">Luoma-aho<\/td><td class=\"column-8\">13.10<\/td><td class=\"column-9\">Vimpeli<\/td><td class=\"column-10\">14.23<\/td>\n<\/tr>\n<tr class=\"row-4\">\n\t<td class=\"column-1\">Alaj\u00e4rvi<\/td><td class=\"column-2\">7.50<\/td><td class=\"column-3\">Vimpeli <\/td><td class=\"column-4\">7.36<\/td><td class=\"column-5\">Luoma-aho<\/td><td class=\"column-6\">8.25<\/td><td class=\"column-7\">Vimpeli<\/td><td class=\"column-8\">13.25<\/td><td class=\"column-9\">Luoma-aho <\/td><td class=\"column-10\">14.30<\/td>\n<\/tr>\n<tr class=\"row-5\">\n\t<td class=\"column-1\"><\/td><td class=\"column-2\"><\/td><td class=\"column-3\">It\u00e4kyl\u00e4<\/td><td class=\"column-4\">7.43<\/td><td class=\"column-5\">Hoisko<\/td><td class=\"column-6\">8.42<\/td><td class=\"column-7\">It\u00e4kyl\u00e4 <\/td><td class=\"column-8\">13.33<\/td><td class=\"column-9\">Hoisko <\/td><td class=\"column-10\">14.35<\/td>\n<\/tr>\n<tr class=\"row-6\">\n\t<td class=\"column-1\"><\/td><td class=\"column-2\"><\/td><td class=\"column-3\">Lappaj\u00e4rvi<\/td><td class=\"column-4\">7.55<\/td><td class=\"column-5\">Alaj\u00e4rvi <\/td><td class=\"column-6\">8.55<\/td><td class=\"column-7\">Lappaj\u00e4rvi <\/td><td class=\"column-8\">13.55<\/td><td class=\"column-9\">Alaj\u00e4rvi <\/td><td class=\"column-10\">14.45<\/td>\n<\/tr>\n<\/tbody>\n<\/table>\n<br><\/p>\t\t\t\t\t\t\t\t<\/div>\n\t\t\t\t<\/div>\n\t\t\t\t\t<\/div>\n\t\t\t\t<\/div>\n\t\t\t\t<\/div>\n\t\t","protected":false},"excerpt":{"rendered":"<p>Alaj\u00e4rvi-Vimpeli-Lappaj\u00e4rvi KOULUP\u00c4IVIN\u00c4 Maanantai &#8211; Perjantai Voimassa ajalla 23.10.2023 &#8211; 21.12.2023, 8.1.2024 &#8211; 23.2.2024, 4.3.2024 &#8211; 31.5.2024 Alaj\u00e4rvi &#8211; Vimpeli &#8211; Lappaj\u00e4rvi<\/p>\n","protected":false},"author":1,"featured_media":0,"parent":0,"menu_order":0,"comment_status":"closed","ping_status":"closed","template":"","meta":{"site-sidebar-layout":"no-sidebar","site-content-layout":"","ast-site-content-layout":"full-width-container","site-content-style":"default","site-sidebar-style":"default","ast-global-header-display":"","ast-banner-title-visibility":"","ast-main-header-display":"","ast-hfb-above-header-display":"","ast-hfb-below-header-display":"","ast-hfb-mobile-header-display":"","site-post-title":"disabled","ast-breadcrumbs-content":"","ast-featured-img":"disabled","footer-sml-layout":"","theme-transparent-header-meta":"","adv-header-id-meta":"","stick-header-meta":"","header-above-stick-meta":"","header-main-stick-meta":"","header-below-stick-meta":"","astra-migrate-meta-layouts":"default","ast-page-background-enabled":"default","ast-page-background-meta":{"desktop":{"background-color":"var(--ast-global-color-4)","background-image":"","background-repeat":"repeat","background-position":"center center","background-size":"auto","background-attachment":"scroll","background-type":"","background-media":"","overlay-type":"","overlay-color":"","overlay-gradient":""},"tablet":{"background-color":"","background-image":"","background-repeat":"repeat","background-position":"center center","background-size":"auto","background-attachment":"scroll","background-type":"","background-media":"","overlay-type":"","overlay-color":"","overlay-gradient":""},"mobile":{"background-color":"","background-image":"","background-repeat":"repeat","background-position":"center center","background-size":"auto","background-attachment":"scroll","background-type":"","background-media":"","overlay-type":"","overlay-color":"","overlay-gradient":""}},"ast-content-background-meta":{"desktop":{"background-color":"var(--ast-global-color-5)","background-image":"","background-repeat":"repeat","background-position":"center center","background-size":"auto","background-attachment":"scroll","background-type":"","background-media":"","overlay-type":"","overlay-color":"","overlay-gradient":""},"tablet":{"background-color":"var(--ast-global-color-5)","background-image":"","background-repeat":"repeat","background-position":"center center","background-size":"auto","background-attachment":"scroll","background-type":"","background-media":"","overlay-type":"","overlay-color":"","overlay-gradient":""},"mobile":{"background-color":"var(--ast-global-color-5)","background-image":"","background-repeat":"repeat","background-position":"center center","background-size":"auto","background-attachment":"scroll","background-type":"","background-media":"","overlay-type":"","overlay-color":"","overlay-gradient":""}},"footnotes":""},"_links":{"self":[{"href":"https:\/\/uusi.matkapeura.fi\/index.php\/wp-json\/wp\/v2\/pages\/1000"}],"collection":[{"href":"https:\/\/uusi.matkapeura.fi\/index.php\/wp-json\/wp\/v2\/pages"}],"about":[{"href":"https:\/\/uusi.matkapeura.fi\/index.php\/wp-json\/wp\/v2\/types\/page"}],"author":[{"embeddable":true,"href":"https:\/\/uusi.matkapeura.fi\/index.php\/wp-json\/wp\/v2\/users\/1"}],"replies":[{"embeddable":true,"href":"https:\/\/uusi.matkapeura.fi\/index.php\/wp-json\/wp\/v2\/comments?post=1000"}],"version-history":[{"count":7,"href":"https:\/\/uusi.matkapeura.fi\/index.php\/wp-json\/wp\/v2\/pages\/1000\/revisions"}],"predecessor-version":[{"id":1012,"href":"https:\/\/uusi.matkapeura.fi\/index.php\/wp-json\/wp\/v2\/pages\/1000\/revisions\/1012"}],"wp:attachment":[{"href":"https:\/\/uusi.matkapeura.fi\/index.php\/wp-json\/wp\/v2\/media?parent=1000"}],"curies":[{"name":"wp","href":"https:\/\/api.w.org\/{rel}","templated":true}]}}